

{"id":6075,"date":"2016-11-28T14:27:18","date_gmt":"2016-11-28T13:27:18","guid":{"rendered":"https:\/\/www.roodol.com\/inicio\/"},"modified":"2024-03-20T15:31:03","modified_gmt":"2024-03-20T14:31:03","slug":"inicio","status":"publish","type":"page","link":"https:\/\/www.roodol.com\/fr\/","title":{"rendered":"Accueil"},"content":{"rendered":"<div id=\"slider-static-block-home\" class=\"eng\">\n<p><!--\n\n\n<div class=\"sliderText\">\n\n\n<p class=\"sliderText1\">EL ENTRENAMIENTO PERFECTO EXISTE<\/p>\n\n\n\n\n<p class=\"sliderText2\">LIGERO, PLEGABLE &amp; PORT\u00c1TIL\n<small style=\"margin-top: 10px;font-size: 0.7em\"><strong>&gt;<\/strong> ENV\u00cdO GRATIS EN LA <strong>UE<\/strong><\/small>\n\n<\/div>\n\n\n\n\n<div class=\"sliderImg\"><img class=\"roodolPackHome\" src=\"\/wp-content\/uploads\/roodol-pack-home.png\" alt=\"cycling training system roodol\" width=\"850\" \/><\/div>\n\n\n--><\/p>\n<\/div>\n[spb_text_block pb_margin_bottom=\u00a0\u00bbno\u00a0\u00bb pb_border_bottom=\u00a0\u00bbno\u00a0\u00bb width=\u00a0\u00bb1\/1&Prime; el_position=\u00a0\u00bbfirst last\u00a0\u00bb]\n<h2 class=\"subheader\" style=\"text-align: center;\"><strong><span style=\"color: #c81431;\">ZYCLE<\/span><\/strong> renforce sa notori\u00e9t\u00e9 dans le cyclisme en acqu\u00e9rant la marque de rollers RooDol<\/h2>\n[\/spb_text_block][spb_text_block pb_margin_bottom=\u00a0\u00bbno\u00a0\u00bb width=\u00a0\u00bb4\/4&Prime; el_position=\u00a0\u00bblast\u00a0\u00bb]\n<h1 style=\"text-align: center;\">OBTENEZ VOTRE ROULEAU D&rsquo;ENTRA\u00ceNEMENT<\/h1>\n<p style=\"text-align: center;\"><span class=\"button\"><span class=\"enlacejs\" data-u=\"https:\/\/zycle.eu\/roodol-by-zycle\/\">ACHETEZ VOTRE ROODOL BY ZYCLE ICI<\/span><\/span><\/p>\n[\/spb_text_block]\n[spb_text_block pb_margin_bottom=\u00a0\u00bbno\u00a0\u00bb pb_border_bottom=\u00a0\u00bbno\u00a0\u00bb width=\u00a0\u00bb1\/1&Prime; el_position=\u00a0\u00bbfirst last\u00a0\u00bb]\n<h2 class=\"titol\" style=\"text-align: center; font-size: 36px;\"><span style=\"font-size: 36px;\">R<\/span><span style=\"font-size: 40px;\">oo<\/span><span style=\"font-size: 36px;\">D<\/span><span style=\"font-size: 40px;\">o<\/span><span style=\"font-size: 36px;\">l<\/span> &#8211; WHEREVER YOU ARE<\/h2>\n<p><strong>L&rsquo;entra\u00eeneur RooDol<\/strong> est votre meilleure option pour exceller dans l&rsquo;entra\u00eenement cycliste en salle et tirer le meilleur parti de vos \u00e9chauffements lors des comp\u00e9titions cyclistes. Notre entra\u00eeneur professionnel est con\u00e7u pour vous aider \u00e0 maintenir une condition physique optimale et \u00e0 <strong>tirer le meilleur parti de chaque s\u00e9ance sur votre v\u00e9lo<\/strong>. Obtenez les meilleurs r\u00e9sultats, battez vos records, gagnez en endurance et atteignez tous les objectifs que vous vous \u00eates fix\u00e9s sur votre v\u00e9lo. La marque de rouleaux professionnels RooDol fait partie de <strong><span style=\"color: #c81431;\">ZYCLE<\/span><\/strong>, le premier fabricant de rouleaux et de v\u00e9los d&rsquo;int\u00e9rieur pour les exp\u00e9riences les plus r\u00e9alistes. Le RooDol roller trainer est le compl\u00e9ment id\u00e9al pour s&rsquo;entra\u00eener sur la route, mais aussi \u00e0 la maison ou dans tout autre lieu stationnaire, ainsi que pour travailler les s\u00e9ries de sprint, la cadence de p\u00e9dalage \u00e9lev\u00e9e ou le p\u00e9dalage avec une charge importante lorsque la route n&rsquo;est pas adapt\u00e9e \u00e0 vos besoins.<\/p>\n<p>Le syst\u00e8me brevet\u00e9 de RooDol <strong>est compos\u00e9 d&rsquo;un rouleau d&rsquo;entra\u00eenement et d&rsquo;un rouleau d&rsquo;\u00e9chauffement en un seul produit<\/strong> qui a transform\u00e9 le march\u00e9 de l&rsquo;\u00e9quipement cycliste professionnel. Son poids l\u00e9ger et sa capacit\u00e9 \u00e0 \u00eatre mont\u00e9 et d\u00e9mont\u00e9 ont permis au RooDol d&rsquo;aider les cyclistes professionnels et les champions de triathlon \u00e0 s&rsquo;\u00e9chauffer et \u00e0 s&rsquo;entra\u00eener en salle.<\/p>\n[\/spb_text_block] [boxed_content title=\u00a0\u00bbO\u00d9 QUE TU SOIS\u00a0\u00bb type=\u00a0\u00bbcoloured\u00a0\u00bb custom_bg_colour=\u00a0\u00bb#333333&Prime; pb_margin_bottom=\u00a0\u00bbno\u00a0\u00bb width=\u00a0\u00bb3\/4&Prime; el_position=\u00a0\u00bbfirst\u00a0\u00bb]\n<p>Les syst\u00e8mes d&rsquo;entra\u00eenement RooDol vous permettent de pratiquer votre sport favori o\u00f9 que vous soyez et avec les meilleures performances. RooDol a r\u00e9volutionn\u00e9 les syst\u00e8mes d&rsquo;entra\u00eenement gr\u00e2ce \u00e0 sa <strong>conception innovante<\/strong>, qui a donn\u00e9 naissance \u00e0 un produit facilement transportable, peu encombrant et qui s&rsquo;adapte instantan\u00e9ment \u00e0 tous les types de v\u00e9los.<\/p>\n<p>L&rsquo;entra\u00eeneur de v\u00e9lo RooDol est l\u00e9ger, se monte et se d\u00e9monte en un instant et <strong>prend tr\u00e8s peu de place<\/strong>. De plus, sa conception soign\u00e9e offre une base tr\u00e8s stable pour pratiquer votre sport favori sans risques ni complications. Le rouleau RooDol est disponible en <strong>diff\u00e9rentes couleurs et tailles<\/strong>, pour tout type de v\u00e9lo et de modalit\u00e9 de cyclisme. Tous sont <strong>fabriqu\u00e9s en Espagne<\/strong> avec des mat\u00e9riaux de haute qualit\u00e9, notamment de l&rsquo;aluminium l\u00e9ger et r\u00e9sistant pour faciliter le transport. Avec ce rouleau, vous pouvez r\u00e9aliser confortablement vos s\u00e9ances d&rsquo;entra\u00eenement et d&rsquo;\u00e9chauffement n&rsquo;importe o\u00f9, avant une comp\u00e9tition ou une course, et ils s&rsquo;adaptent \u00e0 pratiquement tous les terrains !<\/p>\n<p>Dans <strong>RooDol by ZYCLE<\/strong>, vous trouverez \u00e9galement des accessoires pour compl\u00e9ter vos s\u00e9ances, comme les tapis ou le cardiofr\u00e9quencem\u00e8tre, qui am\u00e9lioreront votre exp\u00e9rience lors de leur utilisation, que vous utilisiez le rouleau pour vous entra\u00eener \u00e0 la maison ou pour vous \u00e9chauffer \u00e0 l&rsquo;ext\u00e9rieur.<\/p>\n[\/boxed_content] [spb_text_block pb_margin_bottom=\u00a0\u00bbno\u00a0\u00bb width=\u00a0\u00bb1\/4&Prime; el_position=\u00a0\u00bblast\u00a0\u00bb]\n<p><img loading=\"lazy\" class=\"aligncenter wp-image-11879 size-full\" src=\"https:\/\/www.roodol.com\/wp-content\/uploads\/7f4a735e-cab3-4836-ac59-e0908a1c1d84.png\" alt=\"\" width=\"500\" height=\"1000\" srcset=\"https:\/\/www.roodol.com\/wp-content\/uploads\/7f4a735e-cab3-4836-ac59-e0908a1c1d84.png 500w, https:\/\/www.roodol.com\/wp-content\/uploads\/7f4a735e-cab3-4836-ac59-e0908a1c1d84-150x300.png 150w\" sizes=\"(max-width: 500px) 100vw, 500px\" \/><\/p>\n[\/spb_text_block] [fullwidth_text alt_background=\u00a0\u00bbalt-one\u00a0\u00bb el_class=\u00a0\u00bbtrackApp\u00a0\u00bb width=\u00a0\u00bb1\/1&Prime; el_position=\u00a0\u00bbfirst last\u00a0\u00bb]\n<h4 class=\"img-portada\"><img loading=\"lazy\" class=\"aligncenter wp-image-11976 size-full\" src=\"https:\/\/www.roodol.com\/wp-content\/uploads\/FR_-scaled.jpg\" alt=\"\" width=\"2560\" height=\"512\" srcset=\"https:\/\/www.roodol.com\/wp-content\/uploads\/FR_-scaled.jpg 2560w, https:\/\/www.roodol.com\/wp-content\/uploads\/FR_-300x60.jpg 300w, https:\/\/www.roodol.com\/wp-content\/uploads\/FR_-1024x205.jpg 1024w, https:\/\/www.roodol.com\/wp-content\/uploads\/FR_-768x154.jpg 768w, https:\/\/www.roodol.com\/wp-content\/uploads\/FR_-1536x307.jpg 1536w, https:\/\/www.roodol.com\/wp-content\/uploads\/FR_-2048x410.jpg 2048w, https:\/\/www.roodol.com\/wp-content\/uploads\/FR_-1280x256.jpg 1280w, https:\/\/www.roodol.com\/wp-content\/uploads\/FR_-500x100.jpg 500w\" sizes=\"(max-width: 2560px) 100vw, 2560px\" \/><\/h4>\n<p><iframe loading=\"lazy\" title=\"YouTube video player\" src=\"https:\/\/www.youtube.com\/embed\/_jUv24cI3z0?si=bXpNXFBz73DtjAfp\" width=\"100%\" height=\"1000\" frameborder=\"0\" allowfullscreen=\"allowfullscreen\"><span data-mce-type=\"bookmark\" style=\"display: inline-block; width: 0px; overflow: hidden; line-height: 0;\" class=\"mce_SELRES_start\">\ufeff<\/span><\/iframe><\/p>\n<section class=\"container\">\n<section class=\"container\">\n<section class=\"container\">\n<h4 class=\"spb_heading spb_text_heading\"><span style=\"font-family: 'Montserrat';\">GALERIE D&rsquo;INSTAGRAM<\/span><\/h4>\n<p><img loading=\"lazy\" class=\"aligncenter wp-image-11844 size-full\" src=\"https:\/\/www.roodol.com\/wp-content\/uploads\/montaje-roodol-ig.png\" alt=\"\" width=\"1740\" height=\"1076\" srcset=\"https:\/\/www.roodol.com\/wp-content\/uploads\/montaje-roodol-ig.png 1740w, https:\/\/www.roodol.com\/wp-content\/uploads\/montaje-roodol-ig-300x186.png 300w, https:\/\/www.roodol.com\/wp-content\/uploads\/montaje-roodol-ig-1024x633.png 1024w, https:\/\/www.roodol.com\/wp-content\/uploads\/montaje-roodol-ig-768x475.png 768w, https:\/\/www.roodol.com\/wp-content\/uploads\/montaje-roodol-ig-1536x950.png 1536w, https:\/\/www.roodol.com\/wp-content\/uploads\/montaje-roodol-ig-1280x792.png 1280w, https:\/\/www.roodol.com\/wp-content\/uploads\/montaje-roodol-ig-500x309.png 500w\" sizes=\"(max-width: 1740px) 100vw, 1740px\" \/><\/p>\n<\/section>\n<\/section>\n<\/section>\n","protected":false},"excerpt":{"rendered":"<p>[spb_text_block pb_margin_bottom=\u00a0\u00bbno\u00a0\u00bb pb_border_bottom=\u00a0\u00bbno\u00a0\u00bb width=\u00a0\u00bb1\/1&Prime; el_position=\u00a0\u00bbfirst last\u00a0\u00bb] ZYCLE renforce sa notori\u00e9t\u00e9 dans le cyclisme en acqu\u00e9rant la marque de rollers RooDol [\/spb_text_block][spb_text_block pb_margin_bottom=\u00a0\u00bbno\u00a0\u00bb width=\u00a0\u00bb4\/4&Prime; el_position=\u00a0\u00bblast\u00a0\u00bb] OBTENEZ VOTRE ROULEAU D&rsquo;ENTRA\u00ceNEMENT ACHETEZ VOTRE ROODOL BY ZYCLE ICI [\/spb_text_block] [spb_text_block pb_margin_bottom=\u00a0\u00bbno\u00a0\u00bb pb_border_bottom=\u00a0\u00bbno\u00a0\u00bb width=\u00a0\u00bb1\/1&Prime; el_position=\u00a0\u00bbfirst last\u00a0\u00bb] RooDol &#8211; WHEREVER YOU ARE L&rsquo;entra\u00eeneur RooDol est votre meilleure option pour exceller dans l&rsquo;entra\u00eenement cycliste en salle et [&hellip;]<\/p>\n","protected":false},"author":1,"featured_media":0,"parent":0,"menu_order":0,"comment_status":"closed","ping_status":"closed","template":"","meta":[],"yoast_head":"<!-- This site is optimized with the Yoast SEO plugin v19.7.1 - https:\/\/yoast.com\/wordpress\/plugins\/seo\/ -->\n<title>Rouleaux de v\u00e9lo | Rouleaux d&#039;entra\u00eenement de haute qualit\u00e9<\/title>\n<meta name=\"description\" content=\"D\u00e9couvrez les rollers id\u00e9aux pour votre formation professionnelle. D\u00e9couvrez les derni\u00e8res technologies et pr\u00e9cisions avec nos rouleaux \u00e0 friser. Rendez nous visite!\" \/>\n<meta name=\"robots\" content=\"index, follow, max-snippet:-1, max-image-preview:large, max-video-preview:-1\" \/>\n<link rel=\"canonical\" href=\"https:\/\/www.roodol.com\/fr\/\" \/>\n<meta property=\"og:locale\" content=\"fr_FR\" \/>\n<meta property=\"og:type\" content=\"article\" \/>\n<meta property=\"og:title\" content=\"Rouleaux de v\u00e9lo | Rouleaux d&#039;entra\u00eenement de haute qualit\u00e9\" \/>\n<meta property=\"og:description\" content=\"D\u00e9couvrez les rollers id\u00e9aux pour votre formation professionnelle. D\u00e9couvrez les derni\u00e8res technologies et pr\u00e9cisions avec nos rouleaux \u00e0 friser. Rendez nous visite!\" \/>\n<meta property=\"og:url\" content=\"https:\/\/www.roodol.com\/fr\/\" \/>\n<meta property=\"og:site_name\" content=\"RooDol\" \/>\n<meta property=\"article:modified_time\" content=\"2024-03-20T14:31:03+00:00\" \/>\n<meta property=\"og:image\" content=\"https:\/\/www.roodol.com\/wp-content\/uploads\/7f4a735e-cab3-4836-ac59-e0908a1c1d84.png\" \/>\n<meta name=\"twitter:card\" content=\"summary\" \/>\n<meta name=\"twitter:label1\" content=\"Dur\u00e9e de lecture estim\u00e9e\" \/>\n\t<meta name=\"twitter:data1\" content=\"3 minutes\" \/>\n<script type=\"application\/ld+json\" class=\"yoast-schema-graph\">{\"@context\":\"https:\/\/schema.org\",\"@graph\":[{\"@type\":\"WebPage\",\"@id\":\"https:\/\/www.roodol.com\/fr\/\",\"url\":\"https:\/\/www.roodol.com\/fr\/\",\"name\":\"Rouleaux de v\u00e9lo | Rouleaux d'entra\u00eenement de haute qualit\u00e9\",\"isPartOf\":{\"@id\":\"https:\/\/www.roodol.com\/#website\"},\"datePublished\":\"2016-11-28T13:27:18+00:00\",\"dateModified\":\"2024-03-20T14:31:03+00:00\",\"description\":\"D\u00e9couvrez les rollers id\u00e9aux pour votre formation professionnelle. D\u00e9couvrez les derni\u00e8res technologies et pr\u00e9cisions avec nos rouleaux \u00e0 friser. Rendez nous visite!\",\"breadcrumb\":{\"@id\":\"https:\/\/www.roodol.com\/fr\/#breadcrumb\"},\"inLanguage\":\"fr-FR\",\"potentialAction\":[{\"@type\":\"ReadAction\",\"target\":[\"https:\/\/www.roodol.com\/fr\/\"]}]},{\"@type\":\"BreadcrumbList\",\"@id\":\"https:\/\/www.roodol.com\/fr\/#breadcrumb\",\"itemListElement\":[{\"@type\":\"ListItem\",\"position\":1,\"name\":\"Portada\",\"item\":\"https:\/\/www.roodol.com\/fr\/\"},{\"@type\":\"ListItem\",\"position\":2,\"name\":\"Accueil\"}]},{\"@type\":\"WebSite\",\"@id\":\"https:\/\/www.roodol.com\/#website\",\"url\":\"https:\/\/www.roodol.com\/\",\"name\":\"RooDol\",\"description\":\"Bike Trainers\",\"publisher\":{\"@id\":\"https:\/\/www.roodol.com\/#organization\"},\"potentialAction\":[{\"@type\":\"SearchAction\",\"target\":{\"@type\":\"EntryPoint\",\"urlTemplate\":\"https:\/\/www.roodol.com\/?s={search_term_string}\"},\"query-input\":\"required name=search_term_string\"}],\"inLanguage\":\"fr-FR\"},{\"@type\":\"Organization\",\"@id\":\"https:\/\/www.roodol.com\/#organization\",\"name\":\"RooDol\",\"url\":\"https:\/\/www.roodol.com\/\",\"sameAs\":[],\"logo\":{\"@type\":\"ImageObject\",\"inLanguage\":\"fr-FR\",\"@id\":\"https:\/\/www.roodol.com\/#\/schema\/logo\/image\/\",\"url\":\"https:\/\/www.roodol.com\/wp-content\/uploads\/Logo-BLANCO-1.png\",\"contentUrl\":\"https:\/\/www.roodol.com\/wp-content\/uploads\/Logo-BLANCO-1.png\",\"width\":7554,\"height\":3544,\"caption\":\"RooDol\"},\"image\":{\"@id\":\"https:\/\/www.roodol.com\/#\/schema\/logo\/image\/\"}}]}<\/script>\n<!-- \/ Yoast SEO plugin. -->","yoast_head_json":{"title":"Rouleaux de v\u00e9lo | Rouleaux d'entra\u00eenement de haute qualit\u00e9","description":"D\u00e9couvrez les rollers id\u00e9aux pour votre formation professionnelle. D\u00e9couvrez les derni\u00e8res technologies et pr\u00e9cisions avec nos rouleaux \u00e0 friser. Rendez nous visite!","robots":{"index":"index","follow":"follow","max-snippet":"max-snippet:-1","max-image-preview":"max-image-preview:large","max-video-preview":"max-video-preview:-1"},"canonical":"https:\/\/www.roodol.com\/fr\/","og_locale":"fr_FR","og_type":"article","og_title":"Rouleaux de v\u00e9lo | Rouleaux d'entra\u00eenement de haute qualit\u00e9","og_description":"D\u00e9couvrez les rollers id\u00e9aux pour votre formation professionnelle. D\u00e9couvrez les derni\u00e8res technologies et pr\u00e9cisions avec nos rouleaux \u00e0 friser. Rendez nous visite!","og_url":"https:\/\/www.roodol.com\/fr\/","og_site_name":"RooDol","article_modified_time":"2024-03-20T14:31:03+00:00","og_image":[{"url":"https:\/\/www.roodol.com\/wp-content\/uploads\/7f4a735e-cab3-4836-ac59-e0908a1c1d84.png"}],"twitter_card":"summary","twitter_misc":{"Dur\u00e9e de lecture estim\u00e9e":"3 minutes"},"schema":{"@context":"https:\/\/schema.org","@graph":[{"@type":"WebPage","@id":"https:\/\/www.roodol.com\/fr\/","url":"https:\/\/www.roodol.com\/fr\/","name":"Rouleaux de v\u00e9lo | Rouleaux d'entra\u00eenement de haute qualit\u00e9","isPartOf":{"@id":"https:\/\/www.roodol.com\/#website"},"datePublished":"2016-11-28T13:27:18+00:00","dateModified":"2024-03-20T14:31:03+00:00","description":"D\u00e9couvrez les rollers id\u00e9aux pour votre formation professionnelle. D\u00e9couvrez les derni\u00e8res technologies et pr\u00e9cisions avec nos rouleaux \u00e0 friser. Rendez nous visite!","breadcrumb":{"@id":"https:\/\/www.roodol.com\/fr\/#breadcrumb"},"inLanguage":"fr-FR","potentialAction":[{"@type":"ReadAction","target":["https:\/\/www.roodol.com\/fr\/"]}]},{"@type":"BreadcrumbList","@id":"https:\/\/www.roodol.com\/fr\/#breadcrumb","itemListElement":[{"@type":"ListItem","position":1,"name":"Portada","item":"https:\/\/www.roodol.com\/fr\/"},{"@type":"ListItem","position":2,"name":"Accueil"}]},{"@type":"WebSite","@id":"https:\/\/www.roodol.com\/#website","url":"https:\/\/www.roodol.com\/","name":"RooDol","description":"Bike Trainers","publisher":{"@id":"https:\/\/www.roodol.com\/#organization"},"potentialAction":[{"@type":"SearchAction","target":{"@type":"EntryPoint","urlTemplate":"https:\/\/www.roodol.com\/?s={search_term_string}"},"query-input":"required name=search_term_string"}],"inLanguage":"fr-FR"},{"@type":"Organization","@id":"https:\/\/www.roodol.com\/#organization","name":"RooDol","url":"https:\/\/www.roodol.com\/","sameAs":[],"logo":{"@type":"ImageObject","inLanguage":"fr-FR","@id":"https:\/\/www.roodol.com\/#\/schema\/logo\/image\/","url":"https:\/\/www.roodol.com\/wp-content\/uploads\/Logo-BLANCO-1.png","contentUrl":"https:\/\/www.roodol.com\/wp-content\/uploads\/Logo-BLANCO-1.png","width":7554,"height":3544,"caption":"RooDol"},"image":{"@id":"https:\/\/www.roodol.com\/#\/schema\/logo\/image\/"}}]}},"_links":{"self":[{"href":"https:\/\/www.roodol.com\/fr\/wp-json\/wp\/v2\/pages\/6075"}],"collection":[{"href":"https:\/\/www.roodol.com\/fr\/wp-json\/wp\/v2\/pages"}],"about":[{"href":"https:\/\/www.roodol.com\/fr\/wp-json\/wp\/v2\/types\/page"}],"author":[{"embeddable":true,"href":"https:\/\/www.roodol.com\/fr\/wp-json\/wp\/v2\/users\/1"}],"replies":[{"embeddable":true,"href":"https:\/\/www.roodol.com\/fr\/wp-json\/wp\/v2\/comments?post=6075"}],"version-history":[{"count":26,"href":"https:\/\/www.roodol.com\/fr\/wp-json\/wp\/v2\/pages\/6075\/revisions"}],"predecessor-version":[{"id":12008,"href":"https:\/\/www.roodol.com\/fr\/wp-json\/wp\/v2\/pages\/6075\/revisions\/12008"}],"wp:attachment":[{"href":"https:\/\/www.roodol.com\/fr\/wp-json\/wp\/v2\/media?parent=6075"}],"curies":[{"name":"wp","href":"https:\/\/api.w.org\/{rel}","templated":true}]}}