

{"id":6118,"date":"2017-04-02T00:25:54","date_gmt":"2017-04-01T23:25:54","guid":{"rendered":"https:\/\/www.roodol.com\/tienda\/"},"modified":"2024-03-20T15:49:02","modified_gmt":"2024-03-20T14:49:02","slug":"boutique","status":"publish","type":"page","link":"https:\/\/www.roodol.com\/fr\/boutique\/","title":{"rendered":"Boutique"},"content":{"rendered":"<div class=\"bloqueProductosCat\">\n<div class=\"custom_box custom_box_archive responsi_title\">\n<h1><span style=\"font-weight: 400;\">Retrouvez-nous sur <strong><span style=\"color: #c81431;\">ZYCLE<\/span><\/strong><\/span><\/h1>\n<p>Vous pouvez d\u00e9sormais <strong>acheter les rouleaux RooDol sur le site de <span class=\"enlacejs\" style=\"color: #c81431;\" data-u=\"https:\/\/zycle.eu\/fr\/\">ZYCLE<\/span><\/strong>, la marque sp\u00e9cialis\u00e9e dans l&rsquo;\u00e9quipement sportif cycliste professionnel. <strong><span style=\"color: #c81431;\">ZYCLE<\/span><\/strong> a r\u00e9cemment acquis RooDol, ce qui vous permet d&rsquo;acheter d\u00e9sormais <strong><span class=\"enlacejs\" style=\"color: #c81431;\" data-u=\"https:\/\/zycle.eu\/roodol-by-zycle\/\">RooDol by ZYCLE<\/span><\/strong> sur son site Internet avec tout le confort et les avantages des deux marques.<\/p>\n<p>Vous envisagez d&rsquo;acheter un v\u00e9lo d&rsquo;entra\u00eenement ? Le rouleau RooDol est l&rsquo;une des options les plus populaires et les plus reconnues sur le march\u00e9. Il vous permettra de profiter pleinement de votre passion pour le cyclisme et d&rsquo;en tirer le meilleur parti. Ils sont parfaitement con\u00e7us pour que vous puissiez effectuer vos entra\u00eenements de cyclisme en salle \u00e0 la maison, sans vous soucier de la m\u00e9t\u00e9o ni perdre de temps \u00e0 vous rendre \u00e0 votre nouveau parcours ou point de d\u00e9part, mais aussi \u00e0 l&rsquo;ext\u00e9rieur, car les rouleaux RooDol sont sp\u00e9cialement con\u00e7us pour que vous puissiez vous \u00e9chauffer juste avant votre parcours ou votre course.<\/p>\n<p>En plus, bien s\u00fbr, de vous fournir un \u00e9chauffement de qualit\u00e9 avant toute comp\u00e9tition cycliste professionnelle, quel que soit le terrain. Ils sont faciles \u00e0 transporter, l\u00e9gers et tr\u00e8s r\u00e9sistants.<\/p>\n<p style=\"text-align: center;\"><span class=\"button\"><span class=\"enlacejs\" data-u=\"https:\/\/zycle.eu\/roodol-by-zycle\/\">ACHETEZ VOTRE ROODOL BY ZYCLE ICI<\/span><\/span><\/p>\n<p>&nbsp;<\/p>\n<\/div>\n<\/div>\n<section class=\"container\">\n<h4 class=\"spb_heading spb_text_heading\"><span style=\"font-family: 'Montserrat';\">GALERIE D&rsquo;INSTAGRAM<\/span><\/h4>\n<p><img loading=\"lazy\" class=\"aligncenter wp-image-11844 size-full\" src=\"https:\/\/www.roodol.com\/wp-content\/uploads\/montaje-roodol-ig.png\" alt=\"\" width=\"1740\" height=\"1076\" srcset=\"https:\/\/www.roodol.com\/wp-content\/uploads\/montaje-roodol-ig.png 1740w, https:\/\/www.roodol.com\/wp-content\/uploads\/montaje-roodol-ig-300x186.png 300w, https:\/\/www.roodol.com\/wp-content\/uploads\/montaje-roodol-ig-1024x633.png 1024w, https:\/\/www.roodol.com\/wp-content\/uploads\/montaje-roodol-ig-768x475.png 768w, https:\/\/www.roodol.com\/wp-content\/uploads\/montaje-roodol-ig-1536x950.png 1536w, https:\/\/www.roodol.com\/wp-content\/uploads\/montaje-roodol-ig-1280x792.png 1280w, https:\/\/www.roodol.com\/wp-content\/uploads\/montaje-roodol-ig-500x309.png 500w\" sizes=\"(max-width: 1740px) 100vw, 1740px\" \/><\/p>\n<\/section>\n","protected":false},"excerpt":{"rendered":"<p>Retrouvez-nous sur ZYCLE Vous pouvez d\u00e9sormais acheter les rouleaux RooDol sur le site de ZYCLE, la marque sp\u00e9cialis\u00e9e dans l&rsquo;\u00e9quipement sportif cycliste professionnel. ZYCLE a r\u00e9cemment acquis RooDol, ce qui vous permet d&rsquo;acheter d\u00e9sormais RooDol by ZYCLE sur son site Internet avec tout le confort et les avantages des deux marques. Vous envisagez d&rsquo;acheter un v\u00e9lo d&rsquo;entra\u00eenement ? Le rouleau [&hellip;]<\/p>\n","protected":false},"author":3,"featured_media":0,"parent":0,"menu_order":0,"comment_status":"closed","ping_status":"closed","template":"","meta":[],"yoast_head":"<!-- This site is optimized with the Yoast SEO plugin v19.7.1 - https:\/\/yoast.com\/wordpress\/plugins\/seo\/ -->\n<title>Roodol par Zycle Magasin de rouleaux de v\u00e9lo<\/title>\n<meta name=\"description\" content=\"Le rouleau \u00e0 friser RooDol est l\u2019une des options les plus populaires et reconnues sur le march\u00e9. Avec lui, vous profiterez pleinement de votre passion. Rendez nous visite!\" \/>\n<meta name=\"robots\" content=\"index, follow, max-snippet:-1, max-image-preview:large, max-video-preview:-1\" \/>\n<link rel=\"canonical\" href=\"https:\/\/www.roodol.com\/fr\/shop\/\" \/>\n<meta property=\"og:locale\" content=\"fr_FR\" \/>\n<meta property=\"og:type\" content=\"article\" \/>\n<meta property=\"og:title\" content=\"Roodol par Zycle Magasin de rouleaux de v\u00e9lo\" \/>\n<meta property=\"og:description\" content=\"Le rouleau \u00e0 friser RooDol est l\u2019une des options les plus populaires et reconnues sur le march\u00e9. Avec lui, vous profiterez pleinement de votre passion. Rendez nous visite!\" \/>\n<meta property=\"og:url\" content=\"https:\/\/www.roodol.com\/shop\/\" \/>\n<meta property=\"og:site_name\" content=\"RooDol\" \/>\n<meta property=\"article:modified_time\" content=\"2024-03-20T14:49:02+00:00\" \/>\n<meta property=\"og:image\" content=\"https:\/\/www.roodol.com\/wp-content\/uploads\/montaje-roodol-ig.png\" \/>\n<meta name=\"twitter:card\" content=\"summary\" \/>\n<meta name=\"twitter:label1\" content=\"Dur\u00e9e de lecture estim\u00e9e\" \/>\n\t<meta name=\"twitter:data1\" content=\"2 minutes\" \/>\n<script type=\"application\/ld+json\" class=\"yoast-schema-graph\">{\"@context\":\"https:\/\/schema.org\",\"@graph\":[{\"@type\":\"WebPage\",\"@id\":\"https:\/\/www.roodol.com\/shop\/\",\"url\":\"https:\/\/www.roodol.com\/shop\/\",\"name\":\"Roodol par Zycle Magasin de rouleaux de v\u00e9lo\",\"isPartOf\":{\"@id\":\"https:\/\/www.roodol.com\/#website\"},\"datePublished\":\"2017-04-01T23:25:54+00:00\",\"dateModified\":\"2024-03-20T14:49:02+00:00\",\"description\":\"Le rouleau \u00e0 friser RooDol est l\u2019une des options les plus populaires et reconnues sur le march\u00e9. Avec lui, vous profiterez pleinement de votre passion. Rendez nous visite!\",\"breadcrumb\":{\"@id\":\"https:\/\/www.roodol.com\/shop\/#breadcrumb\"},\"inLanguage\":\"fr-FR\",\"potentialAction\":[{\"@type\":\"ReadAction\",\"target\":[\"https:\/\/www.roodol.com\/shop\/\"]}]},{\"@type\":\"BreadcrumbList\",\"@id\":\"https:\/\/www.roodol.com\/shop\/#breadcrumb\",\"itemListElement\":[{\"@type\":\"ListItem\",\"position\":1,\"name\":\"Portada\",\"item\":\"https:\/\/www.roodol.com\/fr\/\"},{\"@type\":\"ListItem\",\"position\":2,\"name\":\"Boutique\"}]},{\"@type\":\"WebSite\",\"@id\":\"https:\/\/www.roodol.com\/#website\",\"url\":\"https:\/\/www.roodol.com\/\",\"name\":\"RooDol\",\"description\":\"Bike Trainers\",\"publisher\":{\"@id\":\"https:\/\/www.roodol.com\/#organization\"},\"potentialAction\":[{\"@type\":\"SearchAction\",\"target\":{\"@type\":\"EntryPoint\",\"urlTemplate\":\"https:\/\/www.roodol.com\/?s={search_term_string}\"},\"query-input\":\"required name=search_term_string\"}],\"inLanguage\":\"fr-FR\"},{\"@type\":\"Organization\",\"@id\":\"https:\/\/www.roodol.com\/#organization\",\"name\":\"RooDol\",\"url\":\"https:\/\/www.roodol.com\/\",\"sameAs\":[],\"logo\":{\"@type\":\"ImageObject\",\"inLanguage\":\"fr-FR\",\"@id\":\"https:\/\/www.roodol.com\/#\/schema\/logo\/image\/\",\"url\":\"https:\/\/www.roodol.com\/wp-content\/uploads\/Logo-BLANCO-1.png\",\"contentUrl\":\"https:\/\/www.roodol.com\/wp-content\/uploads\/Logo-BLANCO-1.png\",\"width\":7554,\"height\":3544,\"caption\":\"RooDol\"},\"image\":{\"@id\":\"https:\/\/www.roodol.com\/#\/schema\/logo\/image\/\"}}]}<\/script>\n<!-- \/ Yoast SEO plugin. -->","yoast_head_json":{"title":"Roodol par Zycle Magasin de rouleaux de v\u00e9lo","description":"Le rouleau \u00e0 friser RooDol est l\u2019une des options les plus populaires et reconnues sur le march\u00e9. Avec lui, vous profiterez pleinement de votre passion. Rendez nous visite!","robots":{"index":"index","follow":"follow","max-snippet":"max-snippet:-1","max-image-preview":"max-image-preview:large","max-video-preview":"max-video-preview:-1"},"canonical":"https:\/\/www.roodol.com\/fr\/shop\/","og_locale":"fr_FR","og_type":"article","og_title":"Roodol par Zycle Magasin de rouleaux de v\u00e9lo","og_description":"Le rouleau \u00e0 friser RooDol est l\u2019une des options les plus populaires et reconnues sur le march\u00e9. Avec lui, vous profiterez pleinement de votre passion. Rendez nous visite!","og_url":"https:\/\/www.roodol.com\/shop\/","og_site_name":"RooDol","article_modified_time":"2024-03-20T14:49:02+00:00","og_image":[{"url":"https:\/\/www.roodol.com\/wp-content\/uploads\/montaje-roodol-ig.png"}],"twitter_card":"summary","twitter_misc":{"Dur\u00e9e de lecture estim\u00e9e":"2 minutes"},"schema":{"@context":"https:\/\/schema.org","@graph":[{"@type":"WebPage","@id":"https:\/\/www.roodol.com\/shop\/","url":"https:\/\/www.roodol.com\/shop\/","name":"Roodol par Zycle Magasin de rouleaux de v\u00e9lo","isPartOf":{"@id":"https:\/\/www.roodol.com\/#website"},"datePublished":"2017-04-01T23:25:54+00:00","dateModified":"2024-03-20T14:49:02+00:00","description":"Le rouleau \u00e0 friser RooDol est l\u2019une des options les plus populaires et reconnues sur le march\u00e9. Avec lui, vous profiterez pleinement de votre passion. Rendez nous visite!","breadcrumb":{"@id":"https:\/\/www.roodol.com\/shop\/#breadcrumb"},"inLanguage":"fr-FR","potentialAction":[{"@type":"ReadAction","target":["https:\/\/www.roodol.com\/shop\/"]}]},{"@type":"BreadcrumbList","@id":"https:\/\/www.roodol.com\/shop\/#breadcrumb","itemListElement":[{"@type":"ListItem","position":1,"name":"Portada","item":"https:\/\/www.roodol.com\/fr\/"},{"@type":"ListItem","position":2,"name":"Boutique"}]},{"@type":"WebSite","@id":"https:\/\/www.roodol.com\/#website","url":"https:\/\/www.roodol.com\/","name":"RooDol","description":"Bike Trainers","publisher":{"@id":"https:\/\/www.roodol.com\/#organization"},"potentialAction":[{"@type":"SearchAction","target":{"@type":"EntryPoint","urlTemplate":"https:\/\/www.roodol.com\/?s={search_term_string}"},"query-input":"required name=search_term_string"}],"inLanguage":"fr-FR"},{"@type":"Organization","@id":"https:\/\/www.roodol.com\/#organization","name":"RooDol","url":"https:\/\/www.roodol.com\/","sameAs":[],"logo":{"@type":"ImageObject","inLanguage":"fr-FR","@id":"https:\/\/www.roodol.com\/#\/schema\/logo\/image\/","url":"https:\/\/www.roodol.com\/wp-content\/uploads\/Logo-BLANCO-1.png","contentUrl":"https:\/\/www.roodol.com\/wp-content\/uploads\/Logo-BLANCO-1.png","width":7554,"height":3544,"caption":"RooDol"},"image":{"@id":"https:\/\/www.roodol.com\/#\/schema\/logo\/image\/"}}]}},"_links":{"self":[{"href":"https:\/\/www.roodol.com\/fr\/wp-json\/wp\/v2\/pages\/6118"}],"collection":[{"href":"https:\/\/www.roodol.com\/fr\/wp-json\/wp\/v2\/pages"}],"about":[{"href":"https:\/\/www.roodol.com\/fr\/wp-json\/wp\/v2\/types\/page"}],"author":[{"embeddable":true,"href":"https:\/\/www.roodol.com\/fr\/wp-json\/wp\/v2\/users\/3"}],"replies":[{"embeddable":true,"href":"https:\/\/www.roodol.com\/fr\/wp-json\/wp\/v2\/comments?post=6118"}],"version-history":[{"count":12,"href":"https:\/\/www.roodol.com\/fr\/wp-json\/wp\/v2\/pages\/6118\/revisions"}],"predecessor-version":[{"id":12012,"href":"https:\/\/www.roodol.com\/fr\/wp-json\/wp\/v2\/pages\/6118\/revisions\/12012"}],"wp:attachment":[{"href":"https:\/\/www.roodol.com\/fr\/wp-json\/wp\/v2\/media?parent=6118"}],"curies":[{"name":"wp","href":"https:\/\/api.w.org\/{rel}","templated":true}]}}