

{"id":6285,"date":"2016-11-25T16:36:48","date_gmt":"2016-11-25T15:36:48","guid":{"rendered":"https:\/\/www.roodol.com\/privacidad\/"},"modified":"2024-03-14T17:06:08","modified_gmt":"2024-03-14T16:06:08","slug":"confidentialite","status":"publish","type":"page","link":"https:\/\/www.roodol.com\/fr\/confidentialite\/","title":{"rendered":"Confidentialit\u00e9"},"content":{"rendered":"<p><span style=\"font-weight: 400;\">Contr\u00f4leur des donn\u00e9es<\/span><\/p>\n<p><span style=\"font-weight: 400;\">La soci\u00e9t\u00e9 responsable du traitement de vos donn\u00e9es en vertu de cette politique de confidentialit\u00e9 est :<\/span><\/p>\n<p><span style=\"font-weight: 400;\">RooDol<\/span><\/p>\n<p><span style=\"font-weight: 400;\">Num\u00e9ro de TVA : B64995640<\/span><\/p>\n<p><span style=\"font-weight: 400;\">Adresse : Carrer Mitgera, 19, 46560 Massalfassar, Valencia.<\/span><\/p>\n<p><span style=\"font-weight: 400;\">Adresse e-mail : admin@versades.com<\/span><\/p>\n<p><span style=\"font-weight: 400;\">Site Web : www.roodol.com<\/span><\/p>\n<p><span style=\"font-weight: 400;\">Chez Versa Design S.L, nous reconnaissons l&rsquo;importance de prot\u00e9ger vos informations personnelles et nous nous engageons \u00e0 les traiter de mani\u00e8re responsable et conforme aux lois sur la protection des donn\u00e9es.<\/span><\/p>\n<p><span style=\"font-weight: 400;\">Cette politique de confidentialit\u00e9 vise \u00e0 r\u00e9glementer tous les aspects li\u00e9s au traitement des donn\u00e9es des diff\u00e9rents utilisateurs qui naviguent ou fournissent leurs donn\u00e9es personnelles via les diff\u00e9rents formulaires situ\u00e9s sur le site Web.<\/span><\/p>\n<p><span style=\"font-weight: 400;\">Donn\u00e9es personnelles<\/span><\/p>\n<p><span style=\"font-weight: 400;\">Les donn\u00e9es personnelles sont des informations qui vous identifient ou vous rendent identifiable. \u00c0 travers le site Web, nous collectons les donn\u00e9es personnelles que l&rsquo;utilisateur nous communique dans les cases d\u00e9sign\u00e9es : nom, pr\u00e9nom, e-mail, t\u00e9l\u00e9phone, adresse postale, ville, etc.<\/span><\/p>\n<p><span style=\"font-weight: 400;\">La visite de l&rsquo;utilisateur sur le site Web n&rsquo;implique pas qu&rsquo;il doive fournir des informations sur ses donn\u00e9es personnelles. Cependant, si elles sont fournies, les donn\u00e9es seront trait\u00e9es de mani\u00e8re l\u00e9gale \u00e0 tout moment, conform\u00e9ment aux principes et droits \u00e9nonc\u00e9s dans le RGPD 2016\/679 du 27 avril 2016 et la LOPDGDD 3\/2018 du 5 d\u00e9cembre.<\/span><\/p>\n<p><span style=\"font-weight: 400;\">Objet, dur\u00e9e et l\u00e9gitimit\u00e9 du traitement :<\/span><\/p>\n<p><span style=\"font-weight: 400;\">Nous traiterons les donn\u00e9es fournies par l&rsquo;utilisateur aux fins suivantes :<\/span><\/p>\n<p><span style=\"font-weight: 400;\">Pour r\u00e9pondre \u00e0 la demande ou \u00e0 l&rsquo;enqu\u00eate formul\u00e9e par l&rsquo;utilisateur via le formulaire de contact sur le site Web. Nous collectons et traitons les donn\u00e9es personnelles de l&rsquo;utilisateur pour traiter et g\u00e9rer sa demande, son enqu\u00eate ou toute autre demande formul\u00e9e via ledit formulaire. Nous conserverons ces donn\u00e9es pendant le temps n\u00e9cessaire pour r\u00e9pondre \u00e0 sa demande et pour la dur\u00e9e \u00e9tablie par la loi, avec une dur\u00e9e minimale de 3 ans.<\/span><\/p>\n<p><span style=\"font-weight: 400;\">La base de l\u00e9gitimit\u00e9 pour le traitement des donn\u00e9es sera le consentement donn\u00e9 par l&rsquo;utilisateur en s\u00e9lectionnant la case d&rsquo;acceptation de notre politique de confidentialit\u00e9 avant d&rsquo;envoyer la demande. L&rsquo;utilisateur a le droit de retirer son consentement \u00e0 tout moment sans que cela n&rsquo;affecte la lic\u00e9it\u00e9 du traitement bas\u00e9 sur le retrait du consentement pr\u00e9alable.<\/span><\/p>\n<p><span style=\"font-weight: 400;\">Pour g\u00e9rer les exp\u00e9riences ou les opinions concernant les produits et\/ou services \u00e0 travers les t\u00e9moignages des utilisateurs qui seront publi\u00e9s sur le site Web pour aider d&rsquo;autres utilisateurs. Les seules donn\u00e9es personnelles qui seront publi\u00e9es \u00e0 partir du t\u00e9moignage seront le nom et la ville de l&rsquo;utilisateur. Les donn\u00e9es fournies seront conserv\u00e9es jusqu&rsquo;\u00e0 ce que l&rsquo;utilisateur demande leur r\u00e9vocation et pour la dur\u00e9e \u00e9tablie par la loi, avec une dur\u00e9e minimale de 3 ans.<\/span><\/p>\n<p><span style=\"font-weight: 400;\">La base de l\u00e9gitimit\u00e9 pour le traitement des donn\u00e9es sera le consentement donn\u00e9 par l&rsquo;utilisateur lors de son enregistrement via le formulaire pr\u00e9vu \u00e0 cet effet sur le site Web et en s\u00e9lectionnant la case d&rsquo;acceptation de notre politique de confidentialit\u00e9 avant d&rsquo;envoyer la demande.<\/span><\/p>\n<p><span style=\"font-weight: 400;\">Pour g\u00e9rer le curriculum vitae soumis par le demandeur via le formulaire pr\u00e9vu \u00e0 cet effet et pour l&rsquo;inclure dans la base de donn\u00e9es des candidats de l&rsquo;entreprise. Ces donn\u00e9es seront conserv\u00e9es pendant une p\u00e9riode maximale d&rsquo;un an, apr\u00e8s quoi, les donn\u00e9es seront bloqu\u00e9es pour la dur\u00e9e l\u00e9galement \u00e9tablie, garantissant une confidentialit\u00e9 totale dans le traitement et la destruction ult\u00e9rieure.<\/span><\/p>\n<p><span style=\"font-weight: 400;\">La base l\u00e9gale pour g\u00e9rer et traiter le curriculum vitae du demandeur est son consentement, exprim\u00e9 par une action affirmative d&rsquo;envoi et en s\u00e9lectionnant la case d&rsquo;acceptation de notre politique de confidentialit\u00e9 avant l&rsquo;envoi. L&rsquo;utilisateur a le droit de retirer son consentement \u00e0 tout moment sans que cela n&rsquo;affecte la lic\u00e9it\u00e9 du traitement bas\u00e9 sur le retrait du consentement pr\u00e9alable.<\/span><\/p>\n<p><span style=\"font-weight: 400;\">Pour am\u00e9liorer votre exp\u00e9rience de navigation sur le site Web. Ces donn\u00e9es seront conserv\u00e9es jusqu&rsquo;\u00e0 ce que l&rsquo;utilisateur retire son consentement pour leur traitement en supprimant les cookies et pour la dur\u00e9e \u00e9tablie par la loi, avec une dur\u00e9e minimale de 3 ans.<\/span><\/p>\n<p><span style=\"font-weight: 400;\">La base l\u00e9gale pour am\u00e9liorer votre exp\u00e9rience de navigation sur le site Web est le consentement donn\u00e9 par l&rsquo;utilisateur lors de l&rsquo;acceptation des cookies. L&rsquo;utilisateur a le droit de retirer son consentement \u00e0 tout moment sans que cela n&rsquo;affecte la lic\u00e9it\u00e9 du traitement bas\u00e9 sur le retrait du consentement pr\u00e9alable.<\/span><\/p>\n<p><span style=\"font-weight: 400;\">Pour g\u00e9rer nos r\u00e9seaux sociaux et vous envoyer des informations sur nos activit\u00e9s et nos produits. Ces donn\u00e9es seront conserv\u00e9es jusqu&rsquo;\u00e0 ce que l&rsquo;utilisateur retire son consentement pour leur traitement et pour la dur\u00e9e \u00e9tablie par la loi, avec une dur\u00e9e minimale de 3 ans.<\/span><\/p>\n<p><span style=\"font-weight: 400;\">La base l\u00e9gale pour g\u00e9rer nos r\u00e9seaux sociaux et vous envoyer nos activit\u00e9s et mises \u00e0 jour est le consentement que vous nous accordez. L&rsquo;utilisateur a le droit de retirer son consentement \u00e0 tout moment sans que cela n&rsquo;affecte la lic\u00e9it\u00e9 du traitement bas\u00e9 sur le retrait du consentement pr\u00e9alable.<\/span><\/p>\n<p><span style=\"font-weight: 400;\">Transfert ou communication de donn\u00e9es personnelles et transferts internationaux :<\/span><\/p>\n<p><span style=\"font-weight: 400;\">Vos donn\u00e9es ne seront pas communiqu\u00e9es ou transf\u00e9r\u00e9es \u00e0 des tiers sauf s&rsquo;il existe une obligation l\u00e9gale ou ceux des prestataires li\u00e9s au responsable qui agissent en tant que sous-traitants du traitement.<\/span><\/p>\n<p><span style=\"font-weight: 400;\">Aucun transfert international n&rsquo;est effectu\u00e9. Dans le cas o\u00f9 des transferts internationaux seraient effectu\u00e9s \u00e0 un moment donn\u00e9, vous en serez inform\u00e9 dans le but d&rsquo;obtenir votre consentement.<\/span><\/p>\n<p><span style=\"font-weight: 400;\">Mise \u00e0 jour des donn\u00e9es<\/span><\/p>\n<p><span style=\"font-weight: 400;\">Il est important pour nous de maintenir les donn\u00e9es personnelles \u00e0 jour, donc l&rsquo;utilisateur doit nous informer chaque fois qu&rsquo;il y a eu une modification ; sinon, nous ne garantissons pas leur exactitude.<\/span><\/p>\n<p><span style=\"font-weight: 400;\">L&rsquo;utilisateur garantit que les donn\u00e9es personnelles fournies sont v\u00e9ridiques, en garantissant que toutes les informations fournies correspondent \u00e0 la situation r\u00e9elle, sont \u00e0 jour et exactes, s&rsquo;engageant \u00e0 communiquer toute modification.<\/span><\/p>\n<p><span style=\"font-weight: 400;\">Donn\u00e9es de tiers<\/span><\/p>\n<p><span style=\"font-weight: 400;\">Si l&rsquo;utilisateur fournit des donn\u00e9es de tiers \u00e0 des fins quelconques \u00e0 Versa Design S.L., il garantit qu&rsquo;il a obtenu ces donn\u00e9es l\u00e9galement, qu&rsquo;il a inform\u00e9 pr\u00e9alablement les personnes concern\u00e9es, obtenir leur consentement pour les communiquer et que les informations fournies sont exactes et v\u00e9ridiques.<\/span><\/p>\n<p><span style=\"font-weight: 400;\">Nature obligatoire des informations demand\u00e9es<\/span><\/p>\n<p><span style=\"font-weight: 400;\">Tous nos formulaires ont un ast\u00e9risque (*) dans les donn\u00e9es obligatoires. Si l&rsquo;utilisateur ne fournit pas ces champs ou ne coche pas la case d&rsquo;acceptation de la politique de confidentialit\u00e9, l&rsquo;envoi des informations ne sera pas autoris\u00e9.<\/span><\/p>\n<p><span style=\"font-weight: 400;\">Droits des personnes concern\u00e9es :<\/span><\/p>\n<p><span style=\"font-weight: 400;\">Vous avez le droit d&rsquo;acc\u00e9der \u00e0 vos donn\u00e9es et d&rsquo;obtenir la confirmation de leur traitement, ainsi qu&rsquo;une copie des donn\u00e9es personnelles faisant l&rsquo;objet du traitement. Vous avez le droit de les mettre \u00e0 jour et de demander la rectification des donn\u00e9es inexactes ou de demander leur suppression lorsque les donn\u00e9es ne sont plus n\u00e9cessaires aux fins pour lesquelles elles ont \u00e9t\u00e9 collect\u00e9es. Vous pouvez demander la limitation du traitement de vos donn\u00e9es et vous opposer au traitement en r\u00e9voquant votre consentement, ainsi que exercer le droit \u00e0 la portabilit\u00e9 des donn\u00e9es. De m\u00eame, vous avez le droit de ne pas \u00eatre soumis \u00e0 des d\u00e9cisions bas\u00e9es uniquement sur le traitement automatis\u00e9 de vos donn\u00e9es personnelles. Vous pouvez exercer vos droits en nous contactant \u00e0 Carrer d\u2019Anselm Turmeda, 16, 08205 Sabadell, Barcelona.<\/span><\/p>\n<p><span style=\"font-weight: 400;\">Si vous estimez que vos droits n&rsquo;ont pas \u00e9t\u00e9 correctement pris en compte, vous avez le droit de d\u00e9poser une plainte aupr\u00e8s de l&rsquo;Agence espagnole de protection des donn\u00e9es www.aepd.es<\/span><\/p>\n<p><span style=\"font-weight: 400;\">Traitement des donn\u00e9es des mineurs :<\/span><\/p>\n<p><span style=\"font-weight: 400;\">Toute personne fournissant des donn\u00e9es via les formulaires de ce site Web et acceptant leur traitement d\u00e9clare \u00eatre \u00e2g\u00e9e de plus de 14 ans, l&rsquo;acc\u00e8s et l&rsquo;utilisation du portail \u00e9tant interdits aux personnes de moins de cet \u00e2ge. Si \u00e0 un moment donn\u00e9, le responsable d\u00e9tecte qu&rsquo;un enfant de moins de 14 ans a fourni des donn\u00e9es personnelles, nous proc\u00e9derons \u00e0 leur annulation. De m\u00eame, les parents ou tuteurs peuvent en tout cas contacter Versa Design S.L. pour bloquer le compte d&rsquo;acc\u00e8s des mineurs \u00e0 leur charge qui se sont enregistr\u00e9s en falsifiant leur identit\u00e9.<\/span><\/p>\n<p><span style=\"font-weight: 400;\">Politique de cookies :<\/span><\/p>\n<p><span style=\"font-weight: 400;\">Un cookie est un petit fichier qui est t\u00e9l\u00e9charg\u00e9 et stock\u00e9 sur l&rsquo;ordinateur de l&rsquo;utilisateur lorsqu&rsquo;il acc\u00e8de \u00e0 un site Web. Les cookies permettent au site Web, entre autres choses, de stocker et de r\u00e9cup\u00e9rer des informations sur les habitudes de navigation de l&rsquo;utilisateur ou de son \u00e9quipement, et en fonction des informations qu&rsquo;ils contiennent et de la mani\u00e8re dont il utilise son \u00e9quipement, ils peuvent \u00eatre utilis\u00e9s pour reconna\u00eetre l&rsquo;utilisateur.<\/span><\/p>\n<p><span style=\"font-weight: 400;\">L&rsquo;utilisateur a la possibilit\u00e9 d&#8217;emp\u00eacher la g\u00e9n\u00e9ration de cookies en s\u00e9lectionnant l&rsquo;option correspondante dans son programme de navigateur. Vous pouvez obtenir plus d&rsquo;informations en lisant notre Politique de cookies.<\/span><\/p>\n","protected":false},"excerpt":{"rendered":"<p>Contr\u00f4leur des donn\u00e9es La soci\u00e9t\u00e9 responsable du traitement de vos donn\u00e9es en vertu de cette politique de confidentialit\u00e9 est : RooDol Num\u00e9ro de TVA : B64995640 Adresse : Carrer Mitgera, 19, 46560 Massalfassar, Valencia. Adresse e-mail : admin@versades.com Site Web : www.roodol.com Chez Versa Design S.L, nous reconnaissons l&rsquo;importance de prot\u00e9ger vos informations personnelles et nous nous engageons \u00e0 les [&hellip;]<\/p>\n","protected":false},"author":1,"featured_media":0,"parent":0,"menu_order":0,"comment_status":"closed","ping_status":"closed","template":"","meta":[],"yoast_head":"<!-- This site is optimized with the Yoast SEO plugin v19.7.1 - https:\/\/yoast.com\/wordpress\/plugins\/seo\/ -->\n<title>Confidentialit\u00e9 - RooDol<\/title>\n<meta name=\"robots\" content=\"index, nofollow, max-snippet:-1, max-image-preview:large, max-video-preview:-1\" \/>\n<link rel=\"canonical\" href=\"https:\/\/www.roodol.com\/fr\/confidentialite\/\" \/>\n<meta property=\"og:locale\" content=\"fr_FR\" \/>\n<meta property=\"og:type\" content=\"article\" \/>\n<meta property=\"og:title\" content=\"Confidentialit\u00e9 - RooDol\" \/>\n<meta property=\"og:description\" content=\"Contr\u00f4leur des donn\u00e9es La soci\u00e9t\u00e9 responsable du traitement de vos donn\u00e9es en vertu de cette politique de confidentialit\u00e9 est : RooDol Num\u00e9ro de TVA : B64995640 Adresse : Carrer Mitgera, 19, 46560 Massalfassar, Valencia. Adresse e-mail : admin@versades.com Site Web : www.roodol.com Chez Versa Design S.L, nous reconnaissons l&rsquo;importance de prot\u00e9ger vos informations personnelles et nous nous engageons \u00e0 les [&hellip;]\" \/>\n<meta property=\"og:url\" content=\"https:\/\/www.roodol.com\/fr\/confidentialite\/\" \/>\n<meta property=\"og:site_name\" content=\"RooDol\" \/>\n<meta property=\"article:modified_time\" content=\"2024-03-14T16:06:08+00:00\" \/>\n<meta name=\"twitter:card\" content=\"summary\" \/>\n<meta name=\"twitter:label1\" content=\"Dur\u00e9e de lecture estim\u00e9e\" \/>\n\t<meta name=\"twitter:data1\" content=\"6 minutes\" \/>\n<script type=\"application\/ld+json\" class=\"yoast-schema-graph\">{\"@context\":\"https:\/\/schema.org\",\"@graph\":[{\"@type\":\"WebPage\",\"@id\":\"https:\/\/www.roodol.com\/fr\/confidentialite\/\",\"url\":\"https:\/\/www.roodol.com\/fr\/confidentialite\/\",\"name\":\"Confidentialit\u00e9 - RooDol\",\"isPartOf\":{\"@id\":\"https:\/\/www.roodol.com\/#website\"},\"datePublished\":\"2016-11-25T15:36:48+00:00\",\"dateModified\":\"2024-03-14T16:06:08+00:00\",\"breadcrumb\":{\"@id\":\"https:\/\/www.roodol.com\/fr\/confidentialite\/#breadcrumb\"},\"inLanguage\":\"fr-FR\",\"potentialAction\":[{\"@type\":\"ReadAction\",\"target\":[\"https:\/\/www.roodol.com\/fr\/confidentialite\/\"]}]},{\"@type\":\"BreadcrumbList\",\"@id\":\"https:\/\/www.roodol.com\/fr\/confidentialite\/#breadcrumb\",\"itemListElement\":[{\"@type\":\"ListItem\",\"position\":1,\"name\":\"Portada\",\"item\":\"https:\/\/www.roodol.com\/fr\/\"},{\"@type\":\"ListItem\",\"position\":2,\"name\":\"Confidentialit\u00e9\"}]},{\"@type\":\"WebSite\",\"@id\":\"https:\/\/www.roodol.com\/#website\",\"url\":\"https:\/\/www.roodol.com\/\",\"name\":\"RooDol\",\"description\":\"Bike Trainers\",\"publisher\":{\"@id\":\"https:\/\/www.roodol.com\/#organization\"},\"potentialAction\":[{\"@type\":\"SearchAction\",\"target\":{\"@type\":\"EntryPoint\",\"urlTemplate\":\"https:\/\/www.roodol.com\/?s={search_term_string}\"},\"query-input\":\"required name=search_term_string\"}],\"inLanguage\":\"fr-FR\"},{\"@type\":\"Organization\",\"@id\":\"https:\/\/www.roodol.com\/#organization\",\"name\":\"RooDol\",\"url\":\"https:\/\/www.roodol.com\/\",\"sameAs\":[],\"logo\":{\"@type\":\"ImageObject\",\"inLanguage\":\"fr-FR\",\"@id\":\"https:\/\/www.roodol.com\/#\/schema\/logo\/image\/\",\"url\":\"https:\/\/www.roodol.com\/wp-content\/uploads\/Logo-BLANCO-1.png\",\"contentUrl\":\"https:\/\/www.roodol.com\/wp-content\/uploads\/Logo-BLANCO-1.png\",\"width\":7554,\"height\":3544,\"caption\":\"RooDol\"},\"image\":{\"@id\":\"https:\/\/www.roodol.com\/#\/schema\/logo\/image\/\"}}]}<\/script>\n<!-- \/ Yoast SEO plugin. -->","yoast_head_json":{"title":"Confidentialit\u00e9 - RooDol","robots":{"index":"index","follow":"nofollow","max-snippet":"max-snippet:-1","max-image-preview":"max-image-preview:large","max-video-preview":"max-video-preview:-1"},"canonical":"https:\/\/www.roodol.com\/fr\/confidentialite\/","og_locale":"fr_FR","og_type":"article","og_title":"Confidentialit\u00e9 - RooDol","og_description":"Contr\u00f4leur des donn\u00e9es La soci\u00e9t\u00e9 responsable du traitement de vos donn\u00e9es en vertu de cette politique de confidentialit\u00e9 est : RooDol Num\u00e9ro de TVA : B64995640 Adresse : Carrer Mitgera, 19, 46560 Massalfassar, Valencia. Adresse e-mail : admin@versades.com Site Web : www.roodol.com Chez Versa Design S.L, nous reconnaissons l&rsquo;importance de prot\u00e9ger vos informations personnelles et nous nous engageons \u00e0 les [&hellip;]","og_url":"https:\/\/www.roodol.com\/fr\/confidentialite\/","og_site_name":"RooDol","article_modified_time":"2024-03-14T16:06:08+00:00","twitter_card":"summary","twitter_misc":{"Dur\u00e9e de lecture estim\u00e9e":"6 minutes"},"schema":{"@context":"https:\/\/schema.org","@graph":[{"@type":"WebPage","@id":"https:\/\/www.roodol.com\/fr\/confidentialite\/","url":"https:\/\/www.roodol.com\/fr\/confidentialite\/","name":"Confidentialit\u00e9 - RooDol","isPartOf":{"@id":"https:\/\/www.roodol.com\/#website"},"datePublished":"2016-11-25T15:36:48+00:00","dateModified":"2024-03-14T16:06:08+00:00","breadcrumb":{"@id":"https:\/\/www.roodol.com\/fr\/confidentialite\/#breadcrumb"},"inLanguage":"fr-FR","potentialAction":[{"@type":"ReadAction","target":["https:\/\/www.roodol.com\/fr\/confidentialite\/"]}]},{"@type":"BreadcrumbList","@id":"https:\/\/www.roodol.com\/fr\/confidentialite\/#breadcrumb","itemListElement":[{"@type":"ListItem","position":1,"name":"Portada","item":"https:\/\/www.roodol.com\/fr\/"},{"@type":"ListItem","position":2,"name":"Confidentialit\u00e9"}]},{"@type":"WebSite","@id":"https:\/\/www.roodol.com\/#website","url":"https:\/\/www.roodol.com\/","name":"RooDol","description":"Bike Trainers","publisher":{"@id":"https:\/\/www.roodol.com\/#organization"},"potentialAction":[{"@type":"SearchAction","target":{"@type":"EntryPoint","urlTemplate":"https:\/\/www.roodol.com\/?s={search_term_string}"},"query-input":"required name=search_term_string"}],"inLanguage":"fr-FR"},{"@type":"Organization","@id":"https:\/\/www.roodol.com\/#organization","name":"RooDol","url":"https:\/\/www.roodol.com\/","sameAs":[],"logo":{"@type":"ImageObject","inLanguage":"fr-FR","@id":"https:\/\/www.roodol.com\/#\/schema\/logo\/image\/","url":"https:\/\/www.roodol.com\/wp-content\/uploads\/Logo-BLANCO-1.png","contentUrl":"https:\/\/www.roodol.com\/wp-content\/uploads\/Logo-BLANCO-1.png","width":7554,"height":3544,"caption":"RooDol"},"image":{"@id":"https:\/\/www.roodol.com\/#\/schema\/logo\/image\/"}}]}},"_links":{"self":[{"href":"https:\/\/www.roodol.com\/fr\/wp-json\/wp\/v2\/pages\/6285"}],"collection":[{"href":"https:\/\/www.roodol.com\/fr\/wp-json\/wp\/v2\/pages"}],"about":[{"href":"https:\/\/www.roodol.com\/fr\/wp-json\/wp\/v2\/types\/page"}],"author":[{"embeddable":true,"href":"https:\/\/www.roodol.com\/fr\/wp-json\/wp\/v2\/users\/1"}],"replies":[{"embeddable":true,"href":"https:\/\/www.roodol.com\/fr\/wp-json\/wp\/v2\/comments?post=6285"}],"version-history":[{"count":3,"href":"https:\/\/www.roodol.com\/fr\/wp-json\/wp\/v2\/pages\/6285\/revisions"}],"predecessor-version":[{"id":11989,"href":"https:\/\/www.roodol.com\/fr\/wp-json\/wp\/v2\/pages\/6285\/revisions\/11989"}],"wp:attachment":[{"href":"https:\/\/www.roodol.com\/fr\/wp-json\/wp\/v2\/media?parent=6285"}],"curies":[{"name":"wp","href":"https:\/\/api.w.org\/{rel}","templated":true}]}}