

{"id":6288,"date":"2016-11-25T16:35:50","date_gmt":"2016-11-25T15:35:50","guid":{"rendered":"https:\/\/www.roodol.com\/politica-de-cookies\/"},"modified":"2024-03-14T17:07:23","modified_gmt":"2024-03-14T16:07:23","slug":"politique-sur-les-cookies","status":"publish","type":"page","link":"https:\/\/www.roodol.com\/fr\/politique-sur-les-cookies\/","title":{"rendered":"Politique sur les cookies"},"content":{"rendered":"<p dir=\"ltr\" style=\"line-height: 1.38; background-color: #ffffff; margin-top: 0pt; margin-bottom: 0pt; padding: 0pt 0pt 12pt 0pt;\"><span style=\"font-size: 12pt; font-family: Arial,sans-serif; color: #444444; background-color: transparent; font-weight: 400; font-style: normal; font-variant: normal; text-decoration: none; vertical-align: baseline; white-space: pre-wrap;\">Informations sur les cookies<\/span><\/p>\n<p dir=\"ltr\" style=\"line-height: 1.38; background-color: #ffffff; margin-top: 0pt; margin-bottom: 0pt; padding: 0pt 0pt 12pt 0pt;\"><span style=\"font-size: 12pt; font-family: Arial,sans-serif; color: #444444; background-color: transparent; font-weight: 400; font-style: normal; font-variant: normal; text-decoration: none; vertical-align: baseline; white-space: pre-wrap;\">Nous utilisons des cookies pour faciliter l&rsquo;interaction des visiteurs avec notre contenu et pour nous permettre de compiler des statistiques sur les visites que nous recevons. Conform\u00e9ment \u00e0 la Directive 2009\/136\/CE, mise en \u0153uvre dans notre r\u00e9glementation par le deuxi\u00e8me paragraphe de l&rsquo;article 22 de la Loi sur les Services de la Soci\u00e9t\u00e9 de l&rsquo;Information, suivant les directives de l&rsquo;Agence espagnole de protection des donn\u00e9es, nous vous informons en d\u00e9tail de l&rsquo;utilisation faite sur notre site Web.<\/span><\/p>\n<p dir=\"ltr\" style=\"line-height: 1.38; background-color: #ffffff; margin-top: 0pt; margin-bottom: 0pt; padding: 0pt 0pt 12pt 0pt;\"><span style=\"font-size: 12pt; font-family: Arial,sans-serif; color: #444444; background-color: transparent; font-weight: 400; font-style: normal; font-variant: normal; text-decoration: none; vertical-align: baseline; white-space: pre-wrap;\">Qu&rsquo;est-ce que les cookies ?<\/span><\/p>\n<p dir=\"ltr\" style=\"line-height: 1.38; background-color: #ffffff; margin-top: 0pt; margin-bottom: 0pt; padding: 0pt 0pt 12pt 0pt;\"><span style=\"font-size: 12pt; font-family: Arial,sans-serif; color: #444444; background-color: transparent; font-weight: 400; font-style: normal; font-variant: normal; text-decoration: none; vertical-align: baseline; white-space: pre-wrap;\">Les cookies sont de petits fichiers enregistr\u00e9s dans le navigateur utilis\u00e9 par chaque visiteur de notre site Web afin que le serveur puisse se souvenir de la visite de cet utilisateur ult\u00e9rieurement lorsqu&rsquo;il acc\u00e8de \u00e0 nouveau \u00e0 notre contenu. Ces informations ne r\u00e9v\u00e8lent pas votre identit\u00e9, aucune donn\u00e9e personnelle, ni n&rsquo;acc\u00e8dent au contenu stock\u00e9 sur votre PC, mais elles permettent \u00e0 notre syst\u00e8me de vous identifier en tant qu&rsquo;utilisateur sp\u00e9cifique qui a d\u00e9j\u00e0 visit\u00e9 le site Web, consult\u00e9 certaines pages, etc., et nous permet \u00e9galement de sauvegarder vos pr\u00e9f\u00e9rences personnelles et des informations techniques telles que les visites effectu\u00e9es ou les pages sp\u00e9cifiques consult\u00e9es.<\/span><\/p>\n<p dir=\"ltr\" style=\"line-height: 1.38; background-color: #ffffff; margin-top: 0pt; margin-bottom: 0pt; padding: 0pt 0pt 12pt 0pt;\"><span style=\"font-size: 12pt; font-family: Arial,sans-serif; color: #444444; background-color: transparent; font-weight: 400; font-style: normal; font-variant: normal; text-decoration: none; vertical-align: baseline; white-space: pre-wrap;\">Quels types de cookies existent et \u00e0 quoi servent-ils ?<\/span><\/p>\n<p dir=\"ltr\" style=\"line-height: 1.38; background-color: #ffffff; margin-top: 0pt; margin-bottom: 0pt; padding: 0pt 0pt 12pt 0pt;\"><span style=\"font-size: 12pt; font-family: Arial,sans-serif; color: #444444; background-color: transparent; font-weight: 400; font-style: normal; font-variant: normal; text-decoration: none; vertical-align: baseline; white-space: pre-wrap;\">Cookies techniques<\/span><\/p>\n<p dir=\"ltr\" style=\"line-height: 1.38; background-color: #ffffff; margin-top: 0pt; margin-bottom: 0pt; padding: 0pt 0pt 12pt 0pt;\"><span style=\"font-size: 12pt; font-family: Arial,sans-serif; color: #444444; background-color: transparent; font-weight: 400; font-style: normal; font-variant: normal; text-decoration: none; vertical-align: baseline; white-space: pre-wrap;\">Les cookies techniques sont ceux qui sont essentiels et strictement n\u00e9cessaires au bon fonctionnement d&rsquo;un portail Web et \u00e0 l&rsquo;utilisation des diff\u00e9rentes options et services qu&rsquo;il offre. Par exemple, ceux utilis\u00e9s pour la maintenance de session, la gestion du temps de r\u00e9ponse, les performances ou la validation d&rsquo;options, l&rsquo;utilisation d&rsquo;\u00e9l\u00e9ments de s\u00e9curit\u00e9, le partage de contenu avec les r\u00e9seaux sociaux, etc.<\/span><\/p>\n<p dir=\"ltr\" style=\"line-height: 1.38; background-color: #ffffff; margin-top: 0pt; margin-bottom: 0pt; padding: 0pt 0pt 12pt 0pt;\"><span style=\"font-size: 12pt; font-family: Arial,sans-serif; color: #444444; background-color: transparent; font-weight: 400; font-style: normal; font-variant: normal; text-decoration: none; vertical-align: baseline; white-space: pre-wrap;\">Cookies de personnalisation<\/span><\/p>\n<p dir=\"ltr\" style=\"line-height: 1.38; background-color: #ffffff; margin-top: 0pt; margin-bottom: 0pt; padding: 0pt 0pt 12pt 0pt;\"><span style=\"font-size: 12pt; font-family: Arial,sans-serif; color: #444444; background-color: transparent; font-weight: 400; font-style: normal; font-variant: normal; text-decoration: none; vertical-align: baseline; white-space: pre-wrap;\">Ces cookies permettent \u00e0 l&rsquo;utilisateur de sp\u00e9cifier ou de personnaliser certaines caract\u00e9ristiques des options g\u00e9n\u00e9rales du site Web. Par exemple, d\u00e9finir la langue, les param\u00e8tres r\u00e9gionaux ou le type de navigateur.<\/span><\/p>\n<p dir=\"ltr\" style=\"line-height: 1.38; background-color: #ffffff; margin-top: 0pt; margin-bottom: 0pt; padding: 0pt 0pt 12pt 0pt;\"><span style=\"font-size: 12pt; font-family: Arial,sans-serif; color: #444444; background-color: transparent; font-weight: 400; font-style: normal; font-variant: normal; text-decoration: none; vertical-align: baseline; white-space: pre-wrap;\">Cookies analytiques<\/span><\/p>\n<p dir=\"ltr\" style=\"line-height: 1.38; background-color: #ffffff; margin-top: 0pt; margin-bottom: 0pt; padding: 0pt 0pt 12pt 0pt;\"><span style=\"font-size: 12pt; font-family: Arial,sans-serif; color: #444444; background-color: transparent; font-weight: 400; font-style: normal; font-variant: normal; text-decoration: none; vertical-align: baseline; white-space: pre-wrap;\">Les cookies analytiques sont utilis\u00e9s par nos sites Web pour cr\u00e9er des profils de navigation et conna\u00eetre les pr\u00e9f\u00e9rences de ses utilisateurs afin d&rsquo;am\u00e9liorer l&rsquo;offre de produits et services. Par exemple, un cookie analytique contr\u00f4lerait les zones g\u00e9ographiques les plus int\u00e9ressantes pour un utilisateur, quel produit est le plus accept\u00e9, etc.<\/span><\/p>\n<p dir=\"ltr\" style=\"line-height: 1.38; background-color: #ffffff; margin-top: 0pt; margin-bottom: 0pt; padding: 0pt 0pt 12pt 0pt;\"><span style=\"font-size: 12pt; font-family: Arial,sans-serif; color: #444444; background-color: transparent; font-weight: 400; font-style: normal; font-variant: normal; text-decoration: none; vertical-align: baseline; white-space: pre-wrap;\">Cookies publicitaires<\/span><\/p>\n<p dir=\"ltr\" style=\"line-height: 1.38; background-color: #ffffff; margin-top: 0pt; margin-bottom: 0pt; padding: 0pt 0pt 12pt 0pt;\"><span style=\"font-size: 12pt; font-family: Arial,sans-serif; color: #444444; background-color: transparent; font-weight: 400; font-style: normal; font-variant: normal; text-decoration: none; vertical-align: baseline; white-space: pre-wrap;\">Les cookies publicitaires permettent la gestion des espaces publicitaires en fonction de crit\u00e8res sp\u00e9cifiques. Par exemple, la fr\u00e9quence d&rsquo;acc\u00e8s, le contenu \u00e9dit\u00e9, etc. Les cookies publicitaires permettent, gr\u00e2ce \u00e0 la gestion de la publicit\u00e9, de stocker des informations sur le comportement gr\u00e2ce \u00e0 l&rsquo;observation des habitudes, en \u00e9tudiant les acc\u00e8s et en formant un profil de pr\u00e9f\u00e9rences de l&rsquo;utilisateur, pour offrir une publicit\u00e9 li\u00e9e aux int\u00e9r\u00eats de son profil.<\/span><\/p>\n<p dir=\"ltr\" style=\"line-height: 1.38; background-color: #ffffff; margin-top: 0pt; margin-bottom: 0pt; padding: 0pt 0pt 12pt 0pt;\"><span style=\"font-size: 12pt; font-family: Arial,sans-serif; color: #444444; background-color: transparent; font-weight: 400; font-style: normal; font-variant: normal; text-decoration: none; vertical-align: baseline; white-space: pre-wrap;\">Comment puis-je g\u00e9rer mes cookies ?<\/span><\/p>\n<p dir=\"ltr\" style=\"line-height: 1.38; background-color: #ffffff; margin-top: 0pt; margin-bottom: 0pt; padding: 0pt 0pt 12pt 0pt;\"><span style=\"font-size: 12pt; font-family: Arial,sans-serif; color: #444444; background-color: transparent; font-weight: 400; font-style: normal; font-variant: normal; text-decoration: none; vertical-align: baseline; white-space: pre-wrap;\">Si vous ne souhaitez pas que les cookies soient stock\u00e9s dans votre navigateur ou pr\u00e9f\u00e9rez recevoir des informations chaque fois qu&rsquo;un cookie demande \u00e0 \u00eatre install\u00e9, vous pouvez configurer vos options de navigation en cons\u00e9quence. La plupart des navigateurs permettent la gestion des cookies de 3 mani\u00e8res diff\u00e9rentes :<\/span><\/p>\n<p dir=\"ltr\" style=\"line-height: 1.38; background-color: #ffffff; margin-top: 0pt; margin-bottom: 0pt; padding: 0pt 0pt 12pt 0pt;\"><span style=\"font-size: 12pt; font-family: Arial,sans-serif; color: #444444; background-color: transparent; font-weight: 400; font-style: normal; font-variant: normal; text-decoration: none; vertical-align: baseline; white-space: pre-wrap;\">Les cookies sont toujours rejet\u00e9s ;<\/span><\/p>\n<p dir=\"ltr\" style=\"line-height: 1.38; background-color: #ffffff; margin-top: 0pt; margin-bottom: 0pt; padding: 0pt 0pt 12pt 0pt;\"><span style=\"font-size: 12pt; font-family: Arial,sans-serif; color: #444444; background-color: transparent; font-weight: 400; font-style: normal; font-variant: normal; text-decoration: none; vertical-align: baseline; white-space: pre-wrap;\">Le navigateur demande si l&rsquo;utilisateur souhaite installer chaque cookie ;<\/span><\/p>\n<p dir=\"ltr\" style=\"line-height: 1.38; background-color: #ffffff; margin-top: 0pt; margin-bottom: 0pt; padding: 0pt 0pt 12pt 0pt;\"><span style=\"font-size: 12pt; font-family: Arial,sans-serif; color: #444444; background-color: transparent; font-weight: 400; font-style: normal; font-variant: normal; text-decoration: none; vertical-align: baseline; white-space: pre-wrap;\">Les cookies sont toujours accept\u00e9s ;<\/span><\/p>\n<p dir=\"ltr\" style=\"line-height: 1.38; background-color: #ffffff; margin-top: 0pt; margin-bottom: 0pt; padding: 0pt 0pt 12pt 0pt;\"><span style=\"font-size: 12pt; font-family: Arial,sans-serif; color: #444444; background-color: transparent; font-weight: 400; font-style: normal; font-variant: normal; text-decoration: none; vertical-align: baseline; white-space: pre-wrap;\">Votre navigateur peut \u00e9galement inclure la possibilit\u00e9 de s\u00e9lectionner en d\u00e9tail les cookies que vous souhaitez installer sur votre ordinateur. En particulier, l&rsquo;utilisateur peut normalement accepter l&rsquo;une des options suivantes :<\/span><\/p>\n<ul>\n<li dir=\"ltr\" style=\"line-height: 1.38; background-color: #ffffff;\"><span style=\"font-size: 12pt; font-family: Arial,sans-serif; color: #444444; background-color: transparent; font-weight: 400; font-style: normal; font-variant: normal; text-decoration: none; vertical-align: baseline; white-space: pre-wrap;\">rejeter les cookies de certains domaines ;<\/span><\/li>\n<li dir=\"ltr\" style=\"line-height: 1.38; background-color: #ffffff;\"><span style=\"font-size: 12pt; font-family: Arial,sans-serif; color: #444444; background-color: transparent; font-weight: 400; font-style: normal; font-variant: normal; text-decoration: none; vertical-align: baseline; white-space: pre-wrap;\">rejeter les cookies tiers ;<\/span><\/li>\n<li dir=\"ltr\" style=\"line-height: 1.38; background-color: #ffffff;\"><span style=\"font-size: 12pt; font-family: Arial,sans-serif; color: #444444; background-color: transparent; font-weight: 400; font-style: normal; font-variant: normal; text-decoration: none; vertical-align: baseline; white-space: pre-wrap;\">accepter les cookies comme non persistants (supprim\u00e9s lorsque le navigateur est ferm\u00e9) ;<\/span><\/li>\n<li dir=\"ltr\" style=\"line-height: 1.38; background-color: #ffffff;\"><span style=\"font-size: 12pt; font-family: Arial,sans-serif; color: #444444; background-color: transparent; font-weight: 400; font-style: normal; font-variant: normal; text-decoration: none; vertical-align: baseline; white-space: pre-wrap;\">autoriser le serveur \u00e0 cr\u00e9er des cookies pour un domaine diff\u00e9rent.<\/span><\/li>\n<\/ul>\n<p dir=\"ltr\" style=\"line-height: 1.38; background-color: #ffffff; margin-top: 0pt; margin-bottom: 0pt; padding: 0pt 0pt 12pt 0pt;\"><span style=\"font-size: 12pt; font-family: Arial,sans-serif; color: #444444; background-color: transparent; font-weight: 400; font-style: normal; font-variant: normal; text-decoration: none; vertical-align: baseline; white-space: pre-wrap;\">Vous pouvez trouver des informations sur la configuration des navigateurs les plus couramment utilis\u00e9s aux emplacements suivants :<\/span><\/p>\n<p dir=\"ltr\" style=\"line-height: 1.38; background-color: #ffffff; margin-top: 0pt; margin-bottom: 0pt; padding: 0pt 0pt 12pt 0pt;\"><span style=\"font-size: 12pt; font-family: Arial,sans-serif; color: #444444; background-color: transparent; font-weight: 400; font-style: normal; font-variant: normal; text-decoration: none; vertical-align: baseline; white-space: pre-wrap;\">Chrome<\/span><\/p>\n<p dir=\"ltr\" style=\"line-height: 1.38; background-color: #ffffff; margin-top: 0pt; margin-bottom: 0pt; padding: 0pt 0pt 12pt 0pt;\"><span style=\"font-size: 12pt; font-family: Arial,sans-serif; color: #444444; background-color: transparent; font-weight: 400; font-style: normal; font-variant: normal; text-decoration: none; vertical-align: baseline; white-space: pre-wrap;\">Explorer<\/span><\/p>\n<p dir=\"ltr\" style=\"line-height: 1.38; background-color: #ffffff; margin-top: 0pt; margin-bottom: 0pt; padding: 0pt 0pt 12pt 0pt;\"><span style=\"font-size: 12pt; font-family: Arial,sans-serif; color: #444444; background-color: transparent; font-weight: 400; font-style: normal; font-variant: normal; text-decoration: none; vertical-align: baseline; white-space: pre-wrap;\">Firefox<\/span><\/p>\n<p dir=\"ltr\" style=\"line-height: 1.38; background-color: #ffffff; margin-top: 0pt; margin-bottom: 0pt; padding: 0pt 0pt 12pt 0pt;\"><span style=\"font-size: 12pt; font-family: Arial,sans-serif; color: #444444; background-color: transparent; font-weight: 400; font-style: normal; font-variant: normal; text-decoration: none; vertical-align: baseline; white-space: pre-wrap;\">Safari<\/span><\/p>\n<p>&nbsp;<\/p>\n<p dir=\"ltr\" style=\"line-height: 1.38; background-color: #ffffff; margin-top: 0pt; margin-bottom: 12pt;\"><span style=\"font-size: 12pt; font-family: Arial,sans-serif; color: #444444; background-color: transparent; font-weight: 400; font-style: normal; font-variant: normal; text-decoration: none; vertical-align: baseline; white-space: pre-wrap;\">En ce qui concerne les cookies tiers, c&rsquo;est-\u00e0-dire ceux qui ne proviennent pas de notre site Web, nous ne pouvons \u00eatre responsables du contenu et de l&rsquo;exactitude des politiques de confidentialit\u00e9 qu&rsquo;ils incluent, donc les informations que nous fournissons sont toujours en r\u00e9f\u00e9rence \u00e0 la source. En cas de doute, veuillez contacter le webmaster du domaine cr\u00e9ateur du cookie.<\/span><\/p>\n","protected":false},"excerpt":{"rendered":"<p>Informations sur les cookies Nous utilisons des cookies pour faciliter l&rsquo;interaction des visiteurs avec notre contenu et pour nous permettre de compiler des statistiques sur les visites que nous recevons. Conform\u00e9ment \u00e0 la Directive 2009\/136\/CE, mise en \u0153uvre dans notre r\u00e9glementation par le deuxi\u00e8me paragraphe de l&rsquo;article 22 de la Loi sur les Services de la Soci\u00e9t\u00e9 de l&rsquo;Information, suivant [&hellip;]<\/p>\n","protected":false},"author":1,"featured_media":0,"parent":0,"menu_order":0,"comment_status":"closed","ping_status":"closed","template":"","meta":[],"yoast_head":"<!-- This site is optimized with the Yoast SEO plugin v19.7.1 - https:\/\/yoast.com\/wordpress\/plugins\/seo\/ -->\n<title>Politique sur les cookies - RooDol<\/title>\n<meta name=\"robots\" content=\"index, nofollow, max-snippet:-1, max-image-preview:large, max-video-preview:-1\" \/>\n<link rel=\"canonical\" href=\"https:\/\/www.roodol.com\/fr\/politique-sur-les-cookies\/\" \/>\n<meta property=\"og:locale\" content=\"fr_FR\" \/>\n<meta property=\"og:type\" content=\"article\" \/>\n<meta property=\"og:title\" content=\"Politique sur les cookies - RooDol\" \/>\n<meta property=\"og:description\" content=\"Informations sur les cookies Nous utilisons des cookies pour faciliter l&rsquo;interaction des visiteurs avec notre contenu et pour nous permettre de compiler des statistiques sur les visites que nous recevons. Conform\u00e9ment \u00e0 la Directive 2009\/136\/CE, mise en \u0153uvre dans notre r\u00e9glementation par le deuxi\u00e8me paragraphe de l&rsquo;article 22 de la Loi sur les Services de la Soci\u00e9t\u00e9 de l&rsquo;Information, suivant [&hellip;]\" \/>\n<meta property=\"og:url\" content=\"https:\/\/www.roodol.com\/fr\/politique-sur-les-cookies\/\" \/>\n<meta property=\"og:site_name\" content=\"RooDol\" \/>\n<meta property=\"article:modified_time\" content=\"2024-03-14T16:07:23+00:00\" \/>\n<meta name=\"twitter:card\" content=\"summary\" \/>\n<meta name=\"twitter:label1\" content=\"Dur\u00e9e de lecture estim\u00e9e\" \/>\n\t<meta name=\"twitter:data1\" content=\"3 minutes\" \/>\n<script type=\"application\/ld+json\" class=\"yoast-schema-graph\">{\"@context\":\"https:\/\/schema.org\",\"@graph\":[{\"@type\":\"WebPage\",\"@id\":\"https:\/\/www.roodol.com\/fr\/politique-sur-les-cookies\/\",\"url\":\"https:\/\/www.roodol.com\/fr\/politique-sur-les-cookies\/\",\"name\":\"Politique sur les cookies - RooDol\",\"isPartOf\":{\"@id\":\"https:\/\/www.roodol.com\/#website\"},\"datePublished\":\"2016-11-25T15:35:50+00:00\",\"dateModified\":\"2024-03-14T16:07:23+00:00\",\"breadcrumb\":{\"@id\":\"https:\/\/www.roodol.com\/fr\/politique-sur-les-cookies\/#breadcrumb\"},\"inLanguage\":\"fr-FR\",\"potentialAction\":[{\"@type\":\"ReadAction\",\"target\":[\"https:\/\/www.roodol.com\/fr\/politique-sur-les-cookies\/\"]}]},{\"@type\":\"BreadcrumbList\",\"@id\":\"https:\/\/www.roodol.com\/fr\/politique-sur-les-cookies\/#breadcrumb\",\"itemListElement\":[{\"@type\":\"ListItem\",\"position\":1,\"name\":\"Portada\",\"item\":\"https:\/\/www.roodol.com\/fr\/\"},{\"@type\":\"ListItem\",\"position\":2,\"name\":\"Politique sur les cookies\"}]},{\"@type\":\"WebSite\",\"@id\":\"https:\/\/www.roodol.com\/#website\",\"url\":\"https:\/\/www.roodol.com\/\",\"name\":\"RooDol\",\"description\":\"Bike Trainers\",\"publisher\":{\"@id\":\"https:\/\/www.roodol.com\/#organization\"},\"potentialAction\":[{\"@type\":\"SearchAction\",\"target\":{\"@type\":\"EntryPoint\",\"urlTemplate\":\"https:\/\/www.roodol.com\/?s={search_term_string}\"},\"query-input\":\"required name=search_term_string\"}],\"inLanguage\":\"fr-FR\"},{\"@type\":\"Organization\",\"@id\":\"https:\/\/www.roodol.com\/#organization\",\"name\":\"RooDol\",\"url\":\"https:\/\/www.roodol.com\/\",\"sameAs\":[],\"logo\":{\"@type\":\"ImageObject\",\"inLanguage\":\"fr-FR\",\"@id\":\"https:\/\/www.roodol.com\/#\/schema\/logo\/image\/\",\"url\":\"https:\/\/www.roodol.com\/wp-content\/uploads\/Logo-BLANCO-1.png\",\"contentUrl\":\"https:\/\/www.roodol.com\/wp-content\/uploads\/Logo-BLANCO-1.png\",\"width\":7554,\"height\":3544,\"caption\":\"RooDol\"},\"image\":{\"@id\":\"https:\/\/www.roodol.com\/#\/schema\/logo\/image\/\"}}]}<\/script>\n<!-- \/ Yoast SEO plugin. -->","yoast_head_json":{"title":"Politique sur les cookies - RooDol","robots":{"index":"index","follow":"nofollow","max-snippet":"max-snippet:-1","max-image-preview":"max-image-preview:large","max-video-preview":"max-video-preview:-1"},"canonical":"https:\/\/www.roodol.com\/fr\/politique-sur-les-cookies\/","og_locale":"fr_FR","og_type":"article","og_title":"Politique sur les cookies - RooDol","og_description":"Informations sur les cookies Nous utilisons des cookies pour faciliter l&rsquo;interaction des visiteurs avec notre contenu et pour nous permettre de compiler des statistiques sur les visites que nous recevons. Conform\u00e9ment \u00e0 la Directive 2009\/136\/CE, mise en \u0153uvre dans notre r\u00e9glementation par le deuxi\u00e8me paragraphe de l&rsquo;article 22 de la Loi sur les Services de la Soci\u00e9t\u00e9 de l&rsquo;Information, suivant [&hellip;]","og_url":"https:\/\/www.roodol.com\/fr\/politique-sur-les-cookies\/","og_site_name":"RooDol","article_modified_time":"2024-03-14T16:07:23+00:00","twitter_card":"summary","twitter_misc":{"Dur\u00e9e de lecture estim\u00e9e":"3 minutes"},"schema":{"@context":"https:\/\/schema.org","@graph":[{"@type":"WebPage","@id":"https:\/\/www.roodol.com\/fr\/politique-sur-les-cookies\/","url":"https:\/\/www.roodol.com\/fr\/politique-sur-les-cookies\/","name":"Politique sur les cookies - RooDol","isPartOf":{"@id":"https:\/\/www.roodol.com\/#website"},"datePublished":"2016-11-25T15:35:50+00:00","dateModified":"2024-03-14T16:07:23+00:00","breadcrumb":{"@id":"https:\/\/www.roodol.com\/fr\/politique-sur-les-cookies\/#breadcrumb"},"inLanguage":"fr-FR","potentialAction":[{"@type":"ReadAction","target":["https:\/\/www.roodol.com\/fr\/politique-sur-les-cookies\/"]}]},{"@type":"BreadcrumbList","@id":"https:\/\/www.roodol.com\/fr\/politique-sur-les-cookies\/#breadcrumb","itemListElement":[{"@type":"ListItem","position":1,"name":"Portada","item":"https:\/\/www.roodol.com\/fr\/"},{"@type":"ListItem","position":2,"name":"Politique sur les cookies"}]},{"@type":"WebSite","@id":"https:\/\/www.roodol.com\/#website","url":"https:\/\/www.roodol.com\/","name":"RooDol","description":"Bike Trainers","publisher":{"@id":"https:\/\/www.roodol.com\/#organization"},"potentialAction":[{"@type":"SearchAction","target":{"@type":"EntryPoint","urlTemplate":"https:\/\/www.roodol.com\/?s={search_term_string}"},"query-input":"required name=search_term_string"}],"inLanguage":"fr-FR"},{"@type":"Organization","@id":"https:\/\/www.roodol.com\/#organization","name":"RooDol","url":"https:\/\/www.roodol.com\/","sameAs":[],"logo":{"@type":"ImageObject","inLanguage":"fr-FR","@id":"https:\/\/www.roodol.com\/#\/schema\/logo\/image\/","url":"https:\/\/www.roodol.com\/wp-content\/uploads\/Logo-BLANCO-1.png","contentUrl":"https:\/\/www.roodol.com\/wp-content\/uploads\/Logo-BLANCO-1.png","width":7554,"height":3544,"caption":"RooDol"},"image":{"@id":"https:\/\/www.roodol.com\/#\/schema\/logo\/image\/"}}]}},"_links":{"self":[{"href":"https:\/\/www.roodol.com\/fr\/wp-json\/wp\/v2\/pages\/6288"}],"collection":[{"href":"https:\/\/www.roodol.com\/fr\/wp-json\/wp\/v2\/pages"}],"about":[{"href":"https:\/\/www.roodol.com\/fr\/wp-json\/wp\/v2\/types\/page"}],"author":[{"embeddable":true,"href":"https:\/\/www.roodol.com\/fr\/wp-json\/wp\/v2\/users\/1"}],"replies":[{"embeddable":true,"href":"https:\/\/www.roodol.com\/fr\/wp-json\/wp\/v2\/comments?post=6288"}],"version-history":[{"count":4,"href":"https:\/\/www.roodol.com\/fr\/wp-json\/wp\/v2\/pages\/6288\/revisions"}],"predecessor-version":[{"id":11990,"href":"https:\/\/www.roodol.com\/fr\/wp-json\/wp\/v2\/pages\/6288\/revisions\/11990"}],"wp:attachment":[{"href":"https:\/\/www.roodol.com\/fr\/wp-json\/wp\/v2\/media?parent=6288"}],"curies":[{"name":"wp","href":"https:\/\/api.w.org\/{rel}","templated":true}]}}