

{"id":6302,"date":"2017-04-06T11:58:28","date_gmt":"2017-04-06T10:58:28","guid":{"rendered":"https:\/\/www.roodol.com\/eroodol\/"},"modified":"2018-12-13T18:54:26","modified_gmt":"2018-12-13T17:54:26","slug":"eroodol","status":"publish","type":"page","link":"https:\/\/www.roodol.com\/fr\/eroodol\/","title":{"rendered":"eRooDol"},"content":{"rendered":"<div id=\"logoeroodol\" class=\"eroodol yellow\">\n<div class=\"contenidor\"><img src=\"\/wp-content\/uploads\/logo-eRooDol-1600-fr.png\" alt=\"eRooDol\" width=\"800\" \/><\/div>\n<\/div>\n<div id=\"speederoodol\" class=\"eroodol grey clear\">\n<div class=\"contenidor\">\n<div class=\"spb-column-container span6\">\n<h2 style=\"color: #6d6e71;\"><strong><span id=\"result_box\" class=\"short_text\" lang=\"fr\" tabindex=\"-1\">Conna\u00eetre ton<br \/>\n<span class=\"\">vitesse et cadence<\/span><br \/>\n<span class=\"\">du p\u00e9dalage<\/span><\/span><\/strong><\/h2>\n<\/div>\n<div class=\"spb-column-container span6\"><a class=\"arrow yellow\" href=\"#batteries\"><i class=\"fa fa-chevron-down\" aria-hidden=\"true\"><\/i><\/a><\/p>\n<p>eRooDol<sup>\u00ae<\/sup> est con\u00e7u pour mesurer la vitesse et la cadence de cyclage sur les syst\u00e8mes RooDol<sup>\u00ae<\/sup> Compact et RooDol<sup>\u00ae<\/sup> Track, sans qu&rsquo;il soit n\u00e9cessaire d&rsquo;installer un appareil suppl\u00e9mentaire sur le v\u00e9lo. Remplacez simplement l&rsquo;un des rouleaux RooDol<sup>\u00ae<\/sup> par eRooDol<sup>\u00ae<\/sup> et commencez \u00e0 am\u00e9liorer l&rsquo;efficacit\u00e9 de vos s\u00e9ances d&rsquo;entra\u00eenement ou de r\u00e9chauffement.<\/p>\n<\/div>\n<div class=\"spb-column-container eroodol grey clear\" style=\"text-align: center;\"><img style=\"margin-top: 70px;\" src=\"\/wp-content\/uploads\/rodillo-eroodol-1170.png\" alt=\"eRooDol\" width=\"1170\" \/><\/div>\n<\/div>\n<\/div>\n<div id=\"batteroodol\" class=\"eroodol white clear\"><a name=\"batteries\"><\/a><\/p>\n<div class=\"contenidor\">\n<div class=\"spb-column-container span6\"><a class=\"arrow grey\" href=\"#bluetooth\"><i class=\"fa fa-chevron-down\" aria-hidden=\"true\"><\/i><\/a><\/p>\n<h2><strong>Sans piles <\/strong><\/h2>\n<p style=\"padding-right: 50px;\"><span id=\"result_box\" class=\"\" lang=\"fr\" tabindex=\"-1\">Conform\u00e9ment \u00e0 la philosophie du produit, o\u00f9 que vous soyez, eRooDol<sup>\u00ae<\/sup> ne n\u00e9cessite ni piles ni piles, et il n&rsquo;est pas n\u00e9cessaire non plus de se connecter au r\u00e9seau \u00e9lectrique. Le capteur est activ\u00e9 par la rotation du rouleau lui-m\u00eame. Tous con\u00e7us pour \u00e9liminer la maintenance et faciliter son utilisation.<\/span><\/p>\n<\/div>\n<div class=\"spb-column-container span6\" style=\"text-align: center;\"><img style=\"margin-top: 120px;\" src=\"\/wp-content\/uploads\/iconos-sin-baterias-450.png\" alt=\"eRooDol\" width=\"450\" \/><br \/>\n<img style=\"margin-top: 70px;\" src=\"\/wp-content\/uploads\/bancada-eroodol-570.png\" alt=\"eRooDol\" width=\"570\" \/><\/div>\n<\/div>\n<\/div>\n<div id=\"blueteroodol\" class=\"eroodol yellow clear\"><a name=\"bluetooth\"><\/a><\/p>\n<div class=\"contenidor\">\n<div class=\"spb-column-container span6\"><a class=\"arrow white\" href=\"#beacons\"><i class=\"fa fa-chevron-down\" aria-hidden=\"true\"><\/i><\/a><\/p>\n<h2 style=\"color: #ffffff;\">Bluetooth<br \/>\n<strong>low energy <\/strong><br \/>\ntechnology<\/h2>\n<p><span id=\"result_box\" class=\"\" lang=\"fr\" tabindex=\"-1\">Le capteur dispose d\u2019une communication sans fil Bluetooth Smart et utilise le service de vitesse et de cadence Bluetooth standard. La communication est compatible avec Bluetooth 4.0 ou sup\u00e9rieur. La connexion entre eRooDol<sup>\u00ae<\/sup> et le smartphone ou la tablette est imm\u00e9diate, sans recherche de p\u00e9riph\u00e9riques.<\/span><\/p>\n<p><span id=\"result_box\" class=\"\" lang=\"fr\" tabindex=\"-1\"><span class=\"\">Vous pouvez utiliser votre eRooDol<sup>\u00ae<\/sup> avec les applications officielles RooDol\u00ae ou avec l\u2019application compatible avec Bluetooth Smart.<\/span> T\u00e9l\u00e9chargez les applications RooDol<sup>\u00ae<\/sup> pour Android ou IOS.<\/span><\/p>\n<p><img src=\"\/wp-content\/uploads\/logo-bluetooth-250.png\" alt=\"bluetooth\" width=\"125\" \/><\/p>\n<\/div>\n<div class=\"spb-column-container span6\" style=\"text-align: center;\"><img style=\"margin-top: 80px;\" src=\"\/wp-content\/uploads\/smartphone-210.png\" alt=\"eRooDol\" width=\"210\" \/><br \/>\n<a style=\"display: block; margin-top: 30px;\" href=\"https:\/\/play.google.com\/store\/apps\/details?id=lula.rdl.trk\" target=\"_blank\" rel=\"nofollow noopener\"><img src=\"\/wp-content\/uploads\/Android-App-Google-Play.png\" alt=\"Android APP on Google Play\" width=\"122px\" \/><\/a><br \/>\n<a style=\"display: block; margin-top: 10px;\" href=\"https:\/\/itunes.apple.com\/us\/app\/roodol-track\/id1109761265\" target=\"_blank\" rel=\"nofollow noopener\"><img style=\"border-radius: 6px;\" src=\"\/wp-content\/uploads\/itunes-app-store.png\" alt=\"iTunes App\" width=\"122px\" \/><\/a><\/div>\n<\/div>\n<\/div>\n<div id=\"connexeroodol\" class=\"eroodol grey clear\"><a name=\"beacons\"><\/a><\/p>\n<div class=\"contenidor\">\n<div class=\"spb-column-container span6\"><a class=\"arrow yellow\" href=\"#\"><i class=\"fa fa-chevron-down\" aria-hidden=\"true\"><\/i><\/a><\/p>\n<h2 style=\"color: #6d6e71;\"><strong><span id=\"result_box\" class=\"short_text\" lang=\"fr\" tabindex=\"-1\"><span class=\"\">L&rsquo;interface<\/span><\/span><br \/>\nCSI v1.0 <\/strong><\/h2>\n<p><span id=\"result_box\" class=\"\" lang=\"fr\" tabindex=\"-1\">Il int\u00e8gre l&rsquo;interface CSI v1.0 (Cycling Strokes Interface). Cette interface a \u00e9t\u00e9 con\u00e7ue pour permettre le contr\u00f4le des applications \u00e0 travers diff\u00e9rentes variations de p\u00e9dalage, ce qui permet au cycliste de ne pas l\u00e2cher le guidon pour agir sur les applications compatibles dot\u00e9es de cette interface.<\/span><\/p>\n<p><img src=\"\/wp-content\/uploads\/iconos-csi-340.png\" alt=\"iconos CSI\" width=\"170\" \/><\/p>\n<\/div>\n<\/div>\n<p style=\"text-align: center;\"><a class=\"buttone\" href=\"\/wp-content\/uploads\/pdf\/eRooDol-technical-specifications-en.pdf\" target=\"_blank\" rel=\"noopener\"><span id=\"result_box\" class=\"short_text\" lang=\"fr\" tabindex=\"-1\"><span class=\"\"><a class=\"buttone\" href=\"\/wp-content\/uploads\/pdf\/eRooDol-technical-specifications-en.pdf\" target=\"_blank\" rel=\"noopener\">SP\u00c9CIFICATIONS TECHNIQUES<\/a><\/span><\/span><\/a><\/p>\n<\/div>\n","protected":false},"excerpt":{"rendered":"<p>Conna\u00eetre ton vitesse et cadence du p\u00e9dalage eRooDol\u00ae est con\u00e7u pour mesurer la vitesse et la cadence de cyclage sur les syst\u00e8mes RooDol\u00ae Compact et RooDol\u00ae Track, sans qu&rsquo;il soit n\u00e9cessaire d&rsquo;installer un appareil suppl\u00e9mentaire sur le v\u00e9lo. Remplacez simplement l&rsquo;un des rouleaux RooDol\u00ae par eRooDol\u00ae et commencez \u00e0 am\u00e9liorer l&rsquo;efficacit\u00e9 de vos s\u00e9ances d&rsquo;entra\u00eenement ou de r\u00e9chauffement. Sans piles [&hellip;]<\/p>\n","protected":false},"author":1,"featured_media":0,"parent":0,"menu_order":0,"comment_status":"closed","ping_status":"closed","template":"","meta":[],"yoast_head":"<!-- This site is optimized with the Yoast SEO plugin v19.7.1 - https:\/\/yoast.com\/wordpress\/plugins\/seo\/ -->\n<title>eRooDol - RooDol<\/title>\n<meta name=\"robots\" content=\"index, follow, max-snippet:-1, max-image-preview:large, max-video-preview:-1\" \/>\n<link rel=\"canonical\" href=\"https:\/\/www.roodol.com\/fr\/eroodol\/?lang=fr\" \/>\n<meta property=\"og:locale\" content=\"fr_FR\" \/>\n<meta property=\"og:type\" content=\"article\" \/>\n<meta property=\"og:title\" content=\"eRooDol - RooDol\" \/>\n<meta property=\"og:description\" content=\"Conna\u00eetre ton vitesse et cadence du p\u00e9dalage eRooDol\u00ae est con\u00e7u pour mesurer la vitesse et la cadence de cyclage sur les syst\u00e8mes RooDol\u00ae Compact et RooDol\u00ae Track, sans qu&rsquo;il soit n\u00e9cessaire d&rsquo;installer un appareil suppl\u00e9mentaire sur le v\u00e9lo. Remplacez simplement l&rsquo;un des rouleaux RooDol\u00ae par eRooDol\u00ae et commencez \u00e0 am\u00e9liorer l&rsquo;efficacit\u00e9 de vos s\u00e9ances d&rsquo;entra\u00eenement ou de r\u00e9chauffement. Sans piles [&hellip;]\" \/>\n<meta property=\"og:url\" content=\"https:\/\/www.roodol.com\/eroodol\/?lang=fr\" \/>\n<meta property=\"og:site_name\" content=\"RooDol\" \/>\n<meta property=\"article:modified_time\" content=\"2018-12-13T17:54:26+00:00\" \/>\n<meta name=\"twitter:card\" content=\"summary\" \/>\n<meta name=\"twitter:label1\" content=\"Dur\u00e9e de lecture estim\u00e9e\" \/>\n\t<meta name=\"twitter:data1\" content=\"1 minute\" \/>\n<script type=\"application\/ld+json\" class=\"yoast-schema-graph\">{\"@context\":\"https:\/\/schema.org\",\"@graph\":[{\"@type\":\"WebPage\",\"@id\":\"https:\/\/www.roodol.com\/eroodol\/?lang=fr\",\"url\":\"https:\/\/www.roodol.com\/eroodol\/?lang=fr\",\"name\":\"eRooDol - RooDol\",\"isPartOf\":{\"@id\":\"https:\/\/www.roodol.com\/#website\"},\"datePublished\":\"2017-04-06T10:58:28+00:00\",\"dateModified\":\"2018-12-13T17:54:26+00:00\",\"breadcrumb\":{\"@id\":\"https:\/\/www.roodol.com\/eroodol\/?lang=fr#breadcrumb\"},\"inLanguage\":\"fr-FR\",\"potentialAction\":[{\"@type\":\"ReadAction\",\"target\":[\"https:\/\/www.roodol.com\/eroodol\/?lang=fr\"]}]},{\"@type\":\"BreadcrumbList\",\"@id\":\"https:\/\/www.roodol.com\/eroodol\/?lang=fr#breadcrumb\",\"itemListElement\":[{\"@type\":\"ListItem\",\"position\":1,\"name\":\"Portada\",\"item\":\"https:\/\/www.roodol.com\/fr\/\"},{\"@type\":\"ListItem\",\"position\":2,\"name\":\"eRooDol\"}]},{\"@type\":\"WebSite\",\"@id\":\"https:\/\/www.roodol.com\/#website\",\"url\":\"https:\/\/www.roodol.com\/\",\"name\":\"RooDol\",\"description\":\"Bike Trainers\",\"publisher\":{\"@id\":\"https:\/\/www.roodol.com\/#organization\"},\"potentialAction\":[{\"@type\":\"SearchAction\",\"target\":{\"@type\":\"EntryPoint\",\"urlTemplate\":\"https:\/\/www.roodol.com\/?s={search_term_string}\"},\"query-input\":\"required name=search_term_string\"}],\"inLanguage\":\"fr-FR\"},{\"@type\":\"Organization\",\"@id\":\"https:\/\/www.roodol.com\/#organization\",\"name\":\"RooDol\",\"url\":\"https:\/\/www.roodol.com\/\",\"sameAs\":[],\"logo\":{\"@type\":\"ImageObject\",\"inLanguage\":\"fr-FR\",\"@id\":\"https:\/\/www.roodol.com\/#\/schema\/logo\/image\/\",\"url\":\"https:\/\/www.roodol.com\/wp-content\/uploads\/Logo-BLANCO-1.png\",\"contentUrl\":\"https:\/\/www.roodol.com\/wp-content\/uploads\/Logo-BLANCO-1.png\",\"width\":7554,\"height\":3544,\"caption\":\"RooDol\"},\"image\":{\"@id\":\"https:\/\/www.roodol.com\/#\/schema\/logo\/image\/\"}}]}<\/script>\n<!-- \/ Yoast SEO plugin. -->","yoast_head_json":{"title":"eRooDol - RooDol","robots":{"index":"index","follow":"follow","max-snippet":"max-snippet:-1","max-image-preview":"max-image-preview:large","max-video-preview":"max-video-preview:-1"},"canonical":"https:\/\/www.roodol.com\/fr\/eroodol\/?lang=fr","og_locale":"fr_FR","og_type":"article","og_title":"eRooDol - RooDol","og_description":"Conna\u00eetre ton vitesse et cadence du p\u00e9dalage eRooDol\u00ae est con\u00e7u pour mesurer la vitesse et la cadence de cyclage sur les syst\u00e8mes RooDol\u00ae Compact et RooDol\u00ae Track, sans qu&rsquo;il soit n\u00e9cessaire d&rsquo;installer un appareil suppl\u00e9mentaire sur le v\u00e9lo. Remplacez simplement l&rsquo;un des rouleaux RooDol\u00ae par eRooDol\u00ae et commencez \u00e0 am\u00e9liorer l&rsquo;efficacit\u00e9 de vos s\u00e9ances d&rsquo;entra\u00eenement ou de r\u00e9chauffement. Sans piles [&hellip;]","og_url":"https:\/\/www.roodol.com\/eroodol\/?lang=fr","og_site_name":"RooDol","article_modified_time":"2018-12-13T17:54:26+00:00","twitter_card":"summary","twitter_misc":{"Dur\u00e9e de lecture estim\u00e9e":"1 minute"},"schema":{"@context":"https:\/\/schema.org","@graph":[{"@type":"WebPage","@id":"https:\/\/www.roodol.com\/eroodol\/?lang=fr","url":"https:\/\/www.roodol.com\/eroodol\/?lang=fr","name":"eRooDol - RooDol","isPartOf":{"@id":"https:\/\/www.roodol.com\/#website"},"datePublished":"2017-04-06T10:58:28+00:00","dateModified":"2018-12-13T17:54:26+00:00","breadcrumb":{"@id":"https:\/\/www.roodol.com\/eroodol\/?lang=fr#breadcrumb"},"inLanguage":"fr-FR","potentialAction":[{"@type":"ReadAction","target":["https:\/\/www.roodol.com\/eroodol\/?lang=fr"]}]},{"@type":"BreadcrumbList","@id":"https:\/\/www.roodol.com\/eroodol\/?lang=fr#breadcrumb","itemListElement":[{"@type":"ListItem","position":1,"name":"Portada","item":"https:\/\/www.roodol.com\/fr\/"},{"@type":"ListItem","position":2,"name":"eRooDol"}]},{"@type":"WebSite","@id":"https:\/\/www.roodol.com\/#website","url":"https:\/\/www.roodol.com\/","name":"RooDol","description":"Bike Trainers","publisher":{"@id":"https:\/\/www.roodol.com\/#organization"},"potentialAction":[{"@type":"SearchAction","target":{"@type":"EntryPoint","urlTemplate":"https:\/\/www.roodol.com\/?s={search_term_string}"},"query-input":"required name=search_term_string"}],"inLanguage":"fr-FR"},{"@type":"Organization","@id":"https:\/\/www.roodol.com\/#organization","name":"RooDol","url":"https:\/\/www.roodol.com\/","sameAs":[],"logo":{"@type":"ImageObject","inLanguage":"fr-FR","@id":"https:\/\/www.roodol.com\/#\/schema\/logo\/image\/","url":"https:\/\/www.roodol.com\/wp-content\/uploads\/Logo-BLANCO-1.png","contentUrl":"https:\/\/www.roodol.com\/wp-content\/uploads\/Logo-BLANCO-1.png","width":7554,"height":3544,"caption":"RooDol"},"image":{"@id":"https:\/\/www.roodol.com\/#\/schema\/logo\/image\/"}}]}},"_links":{"self":[{"href":"https:\/\/www.roodol.com\/fr\/wp-json\/wp\/v2\/pages\/6302"}],"collection":[{"href":"https:\/\/www.roodol.com\/fr\/wp-json\/wp\/v2\/pages"}],"about":[{"href":"https:\/\/www.roodol.com\/fr\/wp-json\/wp\/v2\/types\/page"}],"author":[{"embeddable":true,"href":"https:\/\/www.roodol.com\/fr\/wp-json\/wp\/v2\/users\/1"}],"replies":[{"embeddable":true,"href":"https:\/\/www.roodol.com\/fr\/wp-json\/wp\/v2\/comments?post=6302"}],"version-history":[{"count":6,"href":"https:\/\/www.roodol.com\/fr\/wp-json\/wp\/v2\/pages\/6302\/revisions"}],"predecessor-version":[{"id":6491,"href":"https:\/\/www.roodol.com\/fr\/wp-json\/wp\/v2\/pages\/6302\/revisions\/6491"}],"wp:attachment":[{"href":"https:\/\/www.roodol.com\/fr\/wp-json\/wp\/v2\/media?parent=6302"}],"curies":[{"name":"wp","href":"https:\/\/api.w.org\/{rel}","templated":true}]}}